{"id":9726,"date":"2024-05-20T18:31:15","date_gmt":"2024-05-20T15:31:15","guid":{"rendered":"https:\/\/www.sphynx.ch\/dienstleistungen\/"},"modified":"2025-04-17T14:16:16","modified_gmt":"2025-04-17T11:16:16","slug":"dienstleistungen","status":"publish","type":"page","link":"https:\/\/www.sphynx.ch\/de\/dienstleistungen\/","title":{"rendered":"Unsere Dienstleistungen"},"content":{"rendered":"\t\t<div data-elementor-type=\"wp-page\" data-elementor-id=\"9726\" class=\"elementor elementor-9726 elementor-30\" data-elementor-post-type=\"page\">\n\t\t\t\t<div class=\"elementor-element elementor-element-1835de08 hero hero-bg--dark e-flex e-con-boxed e-con e-parent\" data-id=\"1835de08\" data-element_type=\"container\" data-e-type=\"container\" data-settings=\"{&quot;background_background&quot;:&quot;classic&quot;}\">\n\t\t\t\t\t<div class=\"e-con-inner\">\n\t\t\t\t<div class=\"elementor-element elementor-element-43389a59 elementor-widget elementor-widget-heading\" data-id=\"43389a59\" data-element_type=\"widget\" data-e-type=\"widget\" data-widget_type=\"heading.default\">\n\t\t\t\t<div class=\"elementor-widget-container\">\n\t\t\t\t\t<h1 class=\"elementor-heading-title elementor-size-default\">Unsere Dienstleistungen<\/h1>\t\t\t\t<\/div>\n\t\t\t\t<\/div>\n\t\t\t\t<div class=\"elementor-element elementor-element-c5e86f5 elementor-widget elementor-widget-text-editor\" data-id=\"c5e86f5\" data-element_type=\"widget\" data-e-type=\"widget\" data-widget_type=\"text-editor.default\">\n\t\t\t\t<div class=\"elementor-widget-container\">\n\t\t\t\t\t\t\t\t\t<p>Wir bieten umfassende L\u00f6sungen und Dienstleistungen an, die den Unternehmen erm\u00f6glichen, technische und wirtschaftliche Cyberrisiken \u00fcber das gesamte Spektrum ihres digitalen Fu\u00dfabdrucks hinweg auf einheitliche Weise zu managen.<\/p>\t\t\t\t\t\t\t\t<\/div>\n\t\t\t\t<\/div>\n\t\t\t\t\t<\/div>\n\t\t\t\t<\/div>\n\t\t<div class=\"elementor-element elementor-element-607c883 content-main e-flex e-con-boxed e-con e-parent\" data-id=\"607c883\" data-element_type=\"container\" data-e-type=\"container\">\n\t\t\t\t\t<div class=\"e-con-inner\">\n\t\t<div class=\"elementor-element elementor-element-07d2d6a e-con-full content-container e-flex e-con e-child\" data-id=\"07d2d6a\" data-element_type=\"container\" data-e-type=\"container\">\n\t\t<div class=\"elementor-element elementor-element-ad48392 e-con-full e-flex e-con e-child\" data-id=\"ad48392\" data-element_type=\"container\" data-e-type=\"container\">\n\t\t<div class=\"elementor-element elementor-element-bf610a3 e-con-full e-flex e-con e-child\" data-id=\"bf610a3\" data-element_type=\"container\" data-e-type=\"container\">\n\t\t\t\t<div class=\"elementor-element elementor-element-e6f3aa1 elementor-widget elementor-widget-image\" data-id=\"e6f3aa1\" data-element_type=\"widget\" data-e-type=\"widget\" data-widget_type=\"image.default\">\n\t\t\t\t<div class=\"elementor-widget-container\">\n\t\t\t\t\t\t\t\t\t\t\t\t\t\t\t\t<a href=\"https:\/\/www.sphynx.ch\/de\/dienstleistungen\/security-operation-center-dienste\/\">\n\t\t\t\t\t\t\t<img loading=\"lazy\" decoding=\"async\" width=\"800\" height=\"450\" src=\"https:\/\/www.sphynx.ch\/wp-content\/uploads\/2025\/01\/Security-Operation-Centre-Services-1024x576.webp\" class=\"attachment-large size-large wp-image-9313\" alt=\"\" srcset=\"https:\/\/www.sphynx.ch\/wp-content\/uploads\/2025\/01\/Security-Operation-Centre-Services-1024x576.webp 1024w, https:\/\/www.sphynx.ch\/wp-content\/uploads\/2025\/01\/Security-Operation-Centre-Services-300x169.webp 300w, https:\/\/www.sphynx.ch\/wp-content\/uploads\/2025\/01\/Security-Operation-Centre-Services-768x432.webp 768w, https:\/\/www.sphynx.ch\/wp-content\/uploads\/2025\/01\/Security-Operation-Centre-Services-1536x864.webp 1536w, https:\/\/www.sphynx.ch\/wp-content\/uploads\/2025\/01\/Security-Operation-Centre-Services-2048x1152.webp 2048w, https:\/\/www.sphynx.ch\/wp-content\/uploads\/2025\/01\/elementor\/thumbs\/Security-Operation-Centre-Services-r0fdc36xgl0wztx25nqmgziav4mdmetnfsbvmotyco.png 1600w\" sizes=\"auto, (max-width: 800px) 100vw, 800px\" \/>\t\t\t\t\t\t\t\t<\/a>\n\t\t\t\t\t\t\t\t\t\t\t\t\t\t\t<\/div>\n\t\t\t\t<\/div>\n\t\t\t\t<div class=\"elementor-element elementor-element-0dba04a elementor-widget elementor-widget-heading\" data-id=\"0dba04a\" data-element_type=\"widget\" data-e-type=\"widget\" data-widget_type=\"heading.default\">\n\t\t\t\t<div class=\"elementor-widget-container\">\n\t\t\t\t\t<h2 class=\"elementor-heading-title elementor-size-default\"><a href=\"https:\/\/www.sphynx.ch\/de\/dienstleistungen\/security-operation-center-dienste\/\">Security Operation Center (SOC) Dienste<\/a><\/h2>\t\t\t\t<\/div>\n\t\t\t\t<\/div>\n\t\t\t\t<div class=\"elementor-element elementor-element-2cb0e18 elementor-widget elementor-widget-text-editor\" data-id=\"2cb0e18\" data-element_type=\"widget\" data-e-type=\"widget\" data-widget_type=\"text-editor.default\">\n\t\t\t\t<div class=\"elementor-widget-container\">\n\t\t\t\t\t\t\t\t\t<p>Umfassende SOC-Dienste, die auf Ihre Bed\u00fcrfnisse zugeschnitten sind und die Sicherheits-, Beratungs- und Technologiewartungsdienste kombinieren.<\/p>\t\t\t\t\t\t\t\t<\/div>\n\t\t\t\t<\/div>\n\t\t\t\t<div class=\"elementor-element elementor-element-8af9234 elementor-widget elementor-widget-button\" data-id=\"8af9234\" data-element_type=\"widget\" data-e-type=\"widget\" data-widget_type=\"button.default\">\n\t\t\t\t<div class=\"elementor-widget-container\">\n\t\t\t\t\t\t\t\t\t<div class=\"elementor-button-wrapper\">\n\t\t\t\t\t<a class=\"elementor-button elementor-button-link elementor-size-sm\" href=\"https:\/\/www.sphynx.ch\/de\/dienstleistungen\/security-operation-center-dienste\/\">\n\t\t\t\t\t\t<span class=\"elementor-button-content-wrapper\">\n\t\t\t\t\t\t\t\t\t<span class=\"elementor-button-text\">Mehr erfahren<\/span>\n\t\t\t\t\t<\/span>\n\t\t\t\t\t<\/a>\n\t\t\t\t<\/div>\n\t\t\t\t\t\t\t\t<\/div>\n\t\t\t\t<\/div>\n\t\t\t\t<\/div>\n\t\t<div class=\"elementor-element elementor-element-668b33d e-con-full e-flex e-con e-child\" data-id=\"668b33d\" data-element_type=\"container\" data-e-type=\"container\">\n\t\t\t\t<div class=\"elementor-element elementor-element-adc69ed elementor-widget elementor-widget-image\" data-id=\"adc69ed\" data-element_type=\"widget\" data-e-type=\"widget\" data-widget_type=\"image.default\">\n\t\t\t\t<div class=\"elementor-widget-container\">\n\t\t\t\t\t\t\t\t\t\t\t\t\t\t\t\t<a href=\"https:\/\/www.sphynx.ch\/de\/dienstleistungen\/schulungen-zur-cybersicherheit\/\">\n\t\t\t\t\t\t\t<img loading=\"lazy\" decoding=\"async\" width=\"800\" height=\"450\" src=\"https:\/\/www.sphynx.ch\/wp-content\/uploads\/2025\/01\/Cybersecurity-Training-Services-and-Certification-Services-Blue-1024x576.webp\" class=\"attachment-large size-large wp-image-9305\" alt=\"\" srcset=\"https:\/\/www.sphynx.ch\/wp-content\/uploads\/2025\/01\/Cybersecurity-Training-Services-and-Certification-Services-Blue-1024x576.webp 1024w, https:\/\/www.sphynx.ch\/wp-content\/uploads\/2025\/01\/Cybersecurity-Training-Services-and-Certification-Services-Blue-300x169.webp 300w, https:\/\/www.sphynx.ch\/wp-content\/uploads\/2025\/01\/Cybersecurity-Training-Services-and-Certification-Services-Blue-768x432.webp 768w, https:\/\/www.sphynx.ch\/wp-content\/uploads\/2025\/01\/Cybersecurity-Training-Services-and-Certification-Services-Blue-1536x864.webp 1536w, https:\/\/www.sphynx.ch\/wp-content\/uploads\/2025\/01\/Cybersecurity-Training-Services-and-Certification-Services-Blue-2048x1152.png 2048w, https:\/\/www.sphynx.ch\/wp-content\/uploads\/2025\/01\/elementor\/thumbs\/Cybersecurity-Training-Services-and-Certification-Services-Blue-r0f87c0y4w3yz2a8zsqidlwngn94o5czdc43sqrpd4.png 1600w\" sizes=\"auto, (max-width: 800px) 100vw, 800px\" \/>\t\t\t\t\t\t\t\t<\/a>\n\t\t\t\t\t\t\t\t\t\t\t\t\t\t\t<\/div>\n\t\t\t\t<\/div>\n\t\t\t\t<div class=\"elementor-element elementor-element-b2fbe2f elementor-widget elementor-widget-heading\" data-id=\"b2fbe2f\" data-element_type=\"widget\" data-e-type=\"widget\" data-widget_type=\"heading.default\">\n\t\t\t\t<div class=\"elementor-widget-container\">\n\t\t\t\t\t<h2 class=\"elementor-heading-title elementor-size-default\"><a href=\"https:\/\/www.sphynx.ch\/de\/dienstleistungen\/schulungen-zur-cybersicherheit\/\">Schulungen zur Cybersicherheit<\/a><\/h2>\t\t\t\t<\/div>\n\t\t\t\t<\/div>\n\t\t\t\t<div class=\"elementor-element elementor-element-959f3f1 elementor-widget elementor-widget-text-editor\" data-id=\"959f3f1\" data-element_type=\"widget\" data-e-type=\"widget\" data-widget_type=\"text-editor.default\">\n\t\t\t\t<div class=\"elementor-widget-container\">\n\t\t\t\t\t\t\t\t\t<p>Wir kombinieren unsere Absicherung der Security &amp; SOC-Dienste mit unseren Dienstleistungen zu Cybersicherheits-Schulungen und Zertifizierung und setzen dabei die neueste Cyber Range-Technologie ein.<\/p>\t\t\t\t\t\t\t\t<\/div>\n\t\t\t\t<\/div>\n\t\t\t\t<div class=\"elementor-element elementor-element-b1c4a16 elementor-widget elementor-widget-button\" data-id=\"b1c4a16\" data-element_type=\"widget\" data-e-type=\"widget\" data-widget_type=\"button.default\">\n\t\t\t\t<div class=\"elementor-widget-container\">\n\t\t\t\t\t\t\t\t\t<div class=\"elementor-button-wrapper\">\n\t\t\t\t\t<a class=\"elementor-button elementor-button-link elementor-size-sm\" href=\"https:\/\/www.sphynx.ch\/de\/dienstleistungen\/schulungen-zur-cybersicherheit\/\">\n\t\t\t\t\t\t<span class=\"elementor-button-content-wrapper\">\n\t\t\t\t\t\t\t\t\t<span class=\"elementor-button-text\">Mehr erfahren<\/span>\n\t\t\t\t\t<\/span>\n\t\t\t\t\t<\/a>\n\t\t\t\t<\/div>\n\t\t\t\t\t\t\t\t<\/div>\n\t\t\t\t<\/div>\n\t\t\t\t<\/div>\n\t\t<div class=\"elementor-element elementor-element-d16a3f1 e-con-full e-flex e-con e-child\" data-id=\"d16a3f1\" data-element_type=\"container\" data-e-type=\"container\">\n\t\t\t\t<div class=\"elementor-element elementor-element-8085068 elementor-widget elementor-widget-image\" data-id=\"8085068\" data-element_type=\"widget\" data-e-type=\"widget\" data-widget_type=\"image.default\">\n\t\t\t\t<div class=\"elementor-widget-container\">\n\t\t\t\t\t\t\t\t\t\t\t\t\t\t\t\t<a href=\"https:\/\/www.sphynx.ch\/services\/penetration-testing\/\">\n\t\t\t\t\t\t\t<img loading=\"lazy\" decoding=\"async\" width=\"800\" height=\"450\" src=\"https:\/\/www.sphynx.ch\/wp-content\/uploads\/2025\/01\/Penetration-Testing-1024x576.webp\" class=\"attachment-large size-large wp-image-9311\" alt=\"\" srcset=\"https:\/\/www.sphynx.ch\/wp-content\/uploads\/2025\/01\/Penetration-Testing-1024x576.webp 1024w, https:\/\/www.sphynx.ch\/wp-content\/uploads\/2025\/01\/Penetration-Testing-300x169.webp 300w, https:\/\/www.sphynx.ch\/wp-content\/uploads\/2025\/01\/Penetration-Testing-768x432.webp 768w, https:\/\/www.sphynx.ch\/wp-content\/uploads\/2025\/01\/Penetration-Testing-1536x864.webp 1536w, https:\/\/www.sphynx.ch\/wp-content\/uploads\/2025\/01\/Penetration-Testing-2048x1152.webp 2048w\" sizes=\"auto, (max-width: 800px) 100vw, 800px\" \/>\t\t\t\t\t\t\t\t<\/a>\n\t\t\t\t\t\t\t\t\t\t\t\t\t\t\t<\/div>\n\t\t\t\t<\/div>\n\t\t\t\t<div class=\"elementor-element elementor-element-1dd99c9 elementor-widget elementor-widget-heading\" data-id=\"1dd99c9\" data-element_type=\"widget\" data-e-type=\"widget\" data-widget_type=\"heading.default\">\n\t\t\t\t<div class=\"elementor-widget-container\">\n\t\t\t\t\t<h2 class=\"elementor-heading-title elementor-size-default\"><a href=\"https:\/\/www.sphynx.ch\/de\/dienstleistungen\/penetrationstests\/\">Penetrationstests<\/a><\/h2>\t\t\t\t<\/div>\n\t\t\t\t<\/div>\n\t\t\t\t<div class=\"elementor-element elementor-element-f88b80c elementor-widget elementor-widget-text-editor\" data-id=\"f88b80c\" data-element_type=\"widget\" data-e-type=\"widget\" data-widget_type=\"text-editor.default\">\n\t\t\t\t<div class=\"elementor-widget-container\">\n\t\t\t\t\t\t\t\t\t<p>Wir stellen Ihnen die engagierten und erfahrenen Experten zur Verf\u00fcgung, die Ihre Systeme bis an den Grenzen deren M\u00f6glichkeiten treiben und Ihnen eine umfassende und unabh\u00e4ngige Bewertung potenzieller Schwachstellen erm\u00f6glichen.<\/p>\t\t\t\t\t\t\t\t<\/div>\n\t\t\t\t<\/div>\n\t\t\t\t<div class=\"elementor-element elementor-element-c2d0364 elementor-widget elementor-widget-button\" data-id=\"c2d0364\" data-element_type=\"widget\" data-e-type=\"widget\" data-widget_type=\"button.default\">\n\t\t\t\t<div class=\"elementor-widget-container\">\n\t\t\t\t\t\t\t\t\t<div class=\"elementor-button-wrapper\">\n\t\t\t\t\t<a class=\"elementor-button elementor-button-link elementor-size-sm\" href=\"https:\/\/www.sphynx.ch\/de\/dienstleistungen\/penetrationstests\/\">\n\t\t\t\t\t\t<span class=\"elementor-button-content-wrapper\">\n\t\t\t\t\t\t\t\t\t<span class=\"elementor-button-text\">Mehr erfahren<\/span>\n\t\t\t\t\t<\/span>\n\t\t\t\t\t<\/a>\n\t\t\t\t<\/div>\n\t\t\t\t\t\t\t\t<\/div>\n\t\t\t\t<\/div>\n\t\t\t\t<\/div>\n\t\t\t\t<\/div>\n\t\t<div class=\"elementor-element elementor-element-13abdad e-con-full e-flex e-con e-child\" data-id=\"13abdad\" data-element_type=\"container\" data-e-type=\"container\">\n\t\t<div class=\"elementor-element elementor-element-2e993ab e-con-full e-flex e-con e-child\" data-id=\"2e993ab\" data-element_type=\"container\" data-e-type=\"container\">\n\t\t\t\t<div class=\"elementor-element elementor-element-b2a0bb1 elementor-widget elementor-widget-image\" data-id=\"b2a0bb1\" data-element_type=\"widget\" data-e-type=\"widget\" data-widget_type=\"image.default\">\n\t\t\t\t<div class=\"elementor-widget-container\">\n\t\t\t\t\t\t\t\t\t\t\t\t\t\t\t\t<a href=\"https:\/\/www.sphynx.ch\/de\/dienstleistungen\/dora-konformitat\/\">\n\t\t\t\t\t\t\t<img loading=\"lazy\" decoding=\"async\" width=\"800\" height=\"531\" src=\"https:\/\/www.sphynx.ch\/wp-content\/uploads\/2025\/03\/jeffrey-blum-7-gaPkhIgqs-unsplash-1024x680.jpg\" class=\"attachment-large size-large wp-image-9539\" alt=\"\" srcset=\"https:\/\/www.sphynx.ch\/wp-content\/uploads\/2025\/03\/jeffrey-blum-7-gaPkhIgqs-unsplash-1024x680.jpg 1024w, https:\/\/www.sphynx.ch\/wp-content\/uploads\/2025\/03\/jeffrey-blum-7-gaPkhIgqs-unsplash-300x199.jpg 300w, https:\/\/www.sphynx.ch\/wp-content\/uploads\/2025\/03\/jeffrey-blum-7-gaPkhIgqs-unsplash-768x510.jpg 768w, https:\/\/www.sphynx.ch\/wp-content\/uploads\/2025\/03\/jeffrey-blum-7-gaPkhIgqs-unsplash-1536x1020.jpg 1536w, https:\/\/www.sphynx.ch\/wp-content\/uploads\/2025\/03\/jeffrey-blum-7-gaPkhIgqs-unsplash-2048x1360.jpg 2048w\" sizes=\"auto, (max-width: 800px) 100vw, 800px\" \/>\t\t\t\t\t\t\t\t<\/a>\n\t\t\t\t\t\t\t\t\t\t\t\t\t\t\t<\/div>\n\t\t\t\t<\/div>\n\t\t\t\t<div class=\"elementor-element elementor-element-2af3316 elementor-widget elementor-widget-heading\" data-id=\"2af3316\" data-element_type=\"widget\" data-e-type=\"widget\" data-widget_type=\"heading.default\">\n\t\t\t\t<div class=\"elementor-widget-container\">\n\t\t\t\t\t<h2 class=\"elementor-heading-title elementor-size-default\"><a href=\"https:\/\/www.sphynx.ch\/de\/dienstleistungen\/dora-konformitat\/\">DORA-Konformit\u00e4t<\/a><\/h2>\t\t\t\t<\/div>\n\t\t\t\t<\/div>\n\t\t\t\t<div class=\"elementor-element elementor-element-13cf8f1 elementor-widget elementor-widget-text-editor\" data-id=\"13cf8f1\" data-element_type=\"widget\" data-e-type=\"widget\" data-widget_type=\"text-editor.default\">\n\t\t\t\t<div class=\"elementor-widget-container\">\n\t\t\t\t\t\t\t\t\t<p>Der Digital Operational Resilience Act (DORA) ist eine Europ\u00e4ische Verordnung, die die IKT-Resilienz von Finanzinstituten und ihren kritischen Dienstleistern st\u00e4rken soll.<\/p>\t\t\t\t\t\t\t\t<\/div>\n\t\t\t\t<\/div>\n\t\t\t\t<div class=\"elementor-element elementor-element-63b35cb elementor-widget elementor-widget-button\" data-id=\"63b35cb\" data-element_type=\"widget\" data-e-type=\"widget\" data-widget_type=\"button.default\">\n\t\t\t\t<div class=\"elementor-widget-container\">\n\t\t\t\t\t\t\t\t\t<div class=\"elementor-button-wrapper\">\n\t\t\t\t\t<a class=\"elementor-button elementor-button-link elementor-size-sm\" href=\"https:\/\/www.sphynx.ch\/de\/dienstleistungen\/dora-konformitat\/\">\n\t\t\t\t\t\t<span class=\"elementor-button-content-wrapper\">\n\t\t\t\t\t\t\t\t\t<span class=\"elementor-button-text\">Mehr erfahren<\/span>\n\t\t\t\t\t<\/span>\n\t\t\t\t\t<\/a>\n\t\t\t\t<\/div>\n\t\t\t\t\t\t\t\t<\/div>\n\t\t\t\t<\/div>\n\t\t\t\t<\/div>\n\t\t<div class=\"elementor-element elementor-element-d0f7cbb e-con-full e-flex e-con e-child\" data-id=\"d0f7cbb\" data-element_type=\"container\" data-e-type=\"container\">\n\t\t\t\t<\/div>\n\t\t<div class=\"elementor-element elementor-element-370e7ee e-con-full e-flex e-con e-child\" data-id=\"370e7ee\" data-element_type=\"container\" data-e-type=\"container\">\n\t\t\t\t<\/div>\n\t\t\t\t<\/div>\n\t\t\t\t<\/div>\n\t\t\t\t\t<\/div>\n\t\t\t\t<\/div>\n\t\t\t\t<\/div>\n\t\t","protected":false},"excerpt":{"rendered":"<p>Wir bieten umfassende L\u00f6sungen und Dienstleistungen an, die den Unternehmen erm\u00f6glichen, technische und wirtschaftliche Cyberrisiken \u00fcber das gesamte Spektrum ihres digitalen Fu\u00dfabdrucks hinweg auf einheitliche Weise zu managen. Security Operation Center (SOC) Dienste Umfassende SOC-Dienste, die auf Ihre Bed\u00fcrfnisse zugeschnitten sind und die Sicherheits-, Beratungs- und Technologiewartungsdienste kombinieren. Mehr erfahren Schulungen zur Cybersicherheit Wir kombinieren [&hellip;]<\/p>\n","protected":false},"author":8,"featured_media":0,"parent":0,"menu_order":0,"comment_status":"closed","ping_status":"closed","template":"","meta":{"_acf_changed":false,"inline_featured_image":false,"footnotes":""},"class_list":["post-9726","page","type-page","status-publish","hentry"],"acf":[],"yoast_head":"<!-- This site is optimized with the Yoast SEO plugin v27.4 - https:\/\/yoast.com\/product\/yoast-seo-wordpress\/ -->\n<title>Unsere Dienstleistungen - Sphynx<\/title>\n<meta name=\"description\" content=\"Umfassende Cybersecurity-Services, die technische und wirtschaftliche Risiken \u00fcber Ihren gesamten digitalen Fu\u00dfabdruck hinweg auf einheitliche und effektive Weise verwalten.\" \/>\n<meta name=\"robots\" content=\"index, follow, max-snippet:-1, max-image-preview:large, max-video-preview:-1\" \/>\n<link rel=\"canonical\" href=\"https:\/\/www.sphynx.ch\/de\/dienstleistungen\/\" \/>\n<meta property=\"og:locale\" content=\"de_DE\" \/>\n<meta property=\"og:type\" content=\"article\" \/>\n<meta property=\"og:title\" content=\"Unsere Dienstleistungen - Sphynx\" \/>\n<meta property=\"og:description\" content=\"Umfassende Cybersecurity-Services, die technische und wirtschaftliche Risiken \u00fcber Ihren gesamten digitalen Fu\u00dfabdruck hinweg auf einheitliche und effektive Weise verwalten.\" \/>\n<meta property=\"og:url\" content=\"https:\/\/www.sphynx.ch\/de\/dienstleistungen\/\" \/>\n<meta property=\"og:site_name\" content=\"Sphynx\" \/>\n<meta property=\"article:modified_time\" content=\"2025-04-17T11:16:16+00:00\" \/>\n<meta property=\"og:image\" content=\"https:\/\/www.sphynx.ch\/wp-content\/uploads\/2025\/01\/Security-Operation-Centre-Services-1024x576.webp\" \/>\n<meta name=\"twitter:card\" content=\"summary_large_image\" \/>\n<meta name=\"twitter:label1\" content=\"Gesch\u00e4tzte Lesezeit\" \/>\n\t<meta name=\"twitter:data1\" content=\"2\u00a0Minuten\" \/>\n<script type=\"application\/ld+json\" class=\"yoast-schema-graph\">{\"@context\":\"https:\\\/\\\/schema.org\",\"@graph\":[{\"@type\":\"WebPage\",\"@id\":\"https:\\\/\\\/www.sphynx.ch\\\/de\\\/dienstleistungen\\\/\",\"url\":\"https:\\\/\\\/www.sphynx.ch\\\/de\\\/dienstleistungen\\\/\",\"name\":\"Unsere Dienstleistungen - Sphynx\",\"isPartOf\":{\"@id\":\"https:\\\/\\\/www.sphynx.ch\\\/de\\\/#website\"},\"primaryImageOfPage\":{\"@id\":\"https:\\\/\\\/www.sphynx.ch\\\/de\\\/dienstleistungen\\\/#primaryimage\"},\"image\":{\"@id\":\"https:\\\/\\\/www.sphynx.ch\\\/de\\\/dienstleistungen\\\/#primaryimage\"},\"thumbnailUrl\":\"https:\\\/\\\/www.sphynx.ch\\\/wp-content\\\/uploads\\\/2025\\\/01\\\/Security-Operation-Centre-Services-1024x576.webp\",\"datePublished\":\"2024-05-20T15:31:15+00:00\",\"dateModified\":\"2025-04-17T11:16:16+00:00\",\"description\":\"Umfassende Cybersecurity-Services, die technische und wirtschaftliche Risiken \u00fcber Ihren gesamten digitalen Fu\u00dfabdruck hinweg auf einheitliche und effektive Weise verwalten.\",\"breadcrumb\":{\"@id\":\"https:\\\/\\\/www.sphynx.ch\\\/de\\\/dienstleistungen\\\/#breadcrumb\"},\"inLanguage\":\"de\",\"potentialAction\":[{\"@type\":\"ReadAction\",\"target\":[\"https:\\\/\\\/www.sphynx.ch\\\/de\\\/dienstleistungen\\\/\"]}]},{\"@type\":\"ImageObject\",\"inLanguage\":\"de\",\"@id\":\"https:\\\/\\\/www.sphynx.ch\\\/de\\\/dienstleistungen\\\/#primaryimage\",\"url\":\"https:\\\/\\\/www.sphynx.ch\\\/wp-content\\\/uploads\\\/2025\\\/01\\\/Security-Operation-Centre-Services-1024x576.webp\",\"contentUrl\":\"https:\\\/\\\/www.sphynx.ch\\\/wp-content\\\/uploads\\\/2025\\\/01\\\/Security-Operation-Centre-Services-1024x576.webp\"},{\"@type\":\"BreadcrumbList\",\"@id\":\"https:\\\/\\\/www.sphynx.ch\\\/de\\\/dienstleistungen\\\/#breadcrumb\",\"itemListElement\":[{\"@type\":\"ListItem\",\"position\":1,\"name\":\"Home\",\"item\":\"https:\\\/\\\/www.sphynx.ch\\\/de\\\/\"},{\"@type\":\"ListItem\",\"position\":2,\"name\":\"Unsere Dienstleistungen\"}]},{\"@type\":\"WebSite\",\"@id\":\"https:\\\/\\\/www.sphynx.ch\\\/de\\\/#website\",\"url\":\"https:\\\/\\\/www.sphynx.ch\\\/de\\\/\",\"name\":\"Sphynx\",\"description\":\"Cutting-edge Cybersecurity Technologies\",\"publisher\":{\"@id\":\"https:\\\/\\\/www.sphynx.ch\\\/de\\\/#organization\"},\"potentialAction\":[{\"@type\":\"SearchAction\",\"target\":{\"@type\":\"EntryPoint\",\"urlTemplate\":\"https:\\\/\\\/www.sphynx.ch\\\/de\\\/?s={search_term_string}\"},\"query-input\":{\"@type\":\"PropertyValueSpecification\",\"valueRequired\":true,\"valueName\":\"search_term_string\"}}],\"inLanguage\":\"de\"},{\"@type\":\"Organization\",\"@id\":\"https:\\\/\\\/www.sphynx.ch\\\/de\\\/#organization\",\"name\":\"Sphynx\",\"url\":\"https:\\\/\\\/www.sphynx.ch\\\/de\\\/\",\"logo\":{\"@type\":\"ImageObject\",\"inLanguage\":\"de\",\"@id\":\"https:\\\/\\\/www.sphynx.ch\\\/de\\\/#\\\/schema\\\/logo\\\/image\\\/\",\"url\":\"https:\\\/\\\/www.sphynx.ch\\\/wp-content\\\/uploads\\\/2025\\\/02\\\/OG-Image.webp\",\"contentUrl\":\"https:\\\/\\\/www.sphynx.ch\\\/wp-content\\\/uploads\\\/2025\\\/02\\\/OG-Image.webp\",\"width\":1200,\"height\":675,\"caption\":\"Sphynx\"},\"image\":{\"@id\":\"https:\\\/\\\/www.sphynx.ch\\\/de\\\/#\\\/schema\\\/logo\\\/image\\\/\"}}]}<\/script>\n<!-- \/ Yoast SEO plugin. -->","yoast_head_json":{"title":"Unsere Dienstleistungen - Sphynx","description":"Umfassende Cybersecurity-Services, die technische und wirtschaftliche Risiken \u00fcber Ihren gesamten digitalen Fu\u00dfabdruck hinweg auf einheitliche und effektive Weise verwalten.","robots":{"index":"index","follow":"follow","max-snippet":"max-snippet:-1","max-image-preview":"max-image-preview:large","max-video-preview":"max-video-preview:-1"},"canonical":"https:\/\/www.sphynx.ch\/de\/dienstleistungen\/","og_locale":"de_DE","og_type":"article","og_title":"Unsere Dienstleistungen - Sphynx","og_description":"Umfassende Cybersecurity-Services, die technische und wirtschaftliche Risiken \u00fcber Ihren gesamten digitalen Fu\u00dfabdruck hinweg auf einheitliche und effektive Weise verwalten.","og_url":"https:\/\/www.sphynx.ch\/de\/dienstleistungen\/","og_site_name":"Sphynx","article_modified_time":"2025-04-17T11:16:16+00:00","og_image":[{"url":"https:\/\/www.sphynx.ch\/wp-content\/uploads\/2025\/01\/Security-Operation-Centre-Services-1024x576.webp","type":"","width":"","height":""}],"twitter_card":"summary_large_image","twitter_misc":{"Gesch\u00e4tzte Lesezeit":"2\u00a0Minuten"},"schema":{"@context":"https:\/\/schema.org","@graph":[{"@type":"WebPage","@id":"https:\/\/www.sphynx.ch\/de\/dienstleistungen\/","url":"https:\/\/www.sphynx.ch\/de\/dienstleistungen\/","name":"Unsere Dienstleistungen - Sphynx","isPartOf":{"@id":"https:\/\/www.sphynx.ch\/de\/#website"},"primaryImageOfPage":{"@id":"https:\/\/www.sphynx.ch\/de\/dienstleistungen\/#primaryimage"},"image":{"@id":"https:\/\/www.sphynx.ch\/de\/dienstleistungen\/#primaryimage"},"thumbnailUrl":"https:\/\/www.sphynx.ch\/wp-content\/uploads\/2025\/01\/Security-Operation-Centre-Services-1024x576.webp","datePublished":"2024-05-20T15:31:15+00:00","dateModified":"2025-04-17T11:16:16+00:00","description":"Umfassende Cybersecurity-Services, die technische und wirtschaftliche Risiken \u00fcber Ihren gesamten digitalen Fu\u00dfabdruck hinweg auf einheitliche und effektive Weise verwalten.","breadcrumb":{"@id":"https:\/\/www.sphynx.ch\/de\/dienstleistungen\/#breadcrumb"},"inLanguage":"de","potentialAction":[{"@type":"ReadAction","target":["https:\/\/www.sphynx.ch\/de\/dienstleistungen\/"]}]},{"@type":"ImageObject","inLanguage":"de","@id":"https:\/\/www.sphynx.ch\/de\/dienstleistungen\/#primaryimage","url":"https:\/\/www.sphynx.ch\/wp-content\/uploads\/2025\/01\/Security-Operation-Centre-Services-1024x576.webp","contentUrl":"https:\/\/www.sphynx.ch\/wp-content\/uploads\/2025\/01\/Security-Operation-Centre-Services-1024x576.webp"},{"@type":"BreadcrumbList","@id":"https:\/\/www.sphynx.ch\/de\/dienstleistungen\/#breadcrumb","itemListElement":[{"@type":"ListItem","position":1,"name":"Home","item":"https:\/\/www.sphynx.ch\/de\/"},{"@type":"ListItem","position":2,"name":"Unsere Dienstleistungen"}]},{"@type":"WebSite","@id":"https:\/\/www.sphynx.ch\/de\/#website","url":"https:\/\/www.sphynx.ch\/de\/","name":"Sphynx","description":"Cutting-edge Cybersecurity Technologies","publisher":{"@id":"https:\/\/www.sphynx.ch\/de\/#organization"},"potentialAction":[{"@type":"SearchAction","target":{"@type":"EntryPoint","urlTemplate":"https:\/\/www.sphynx.ch\/de\/?s={search_term_string}"},"query-input":{"@type":"PropertyValueSpecification","valueRequired":true,"valueName":"search_term_string"}}],"inLanguage":"de"},{"@type":"Organization","@id":"https:\/\/www.sphynx.ch\/de\/#organization","name":"Sphynx","url":"https:\/\/www.sphynx.ch\/de\/","logo":{"@type":"ImageObject","inLanguage":"de","@id":"https:\/\/www.sphynx.ch\/de\/#\/schema\/logo\/image\/","url":"https:\/\/www.sphynx.ch\/wp-content\/uploads\/2025\/02\/OG-Image.webp","contentUrl":"https:\/\/www.sphynx.ch\/wp-content\/uploads\/2025\/02\/OG-Image.webp","width":1200,"height":675,"caption":"Sphynx"},"image":{"@id":"https:\/\/www.sphynx.ch\/de\/#\/schema\/logo\/image\/"}}]}},"_links":{"self":[{"href":"https:\/\/www.sphynx.ch\/de\/wp-json\/wp\/v2\/pages\/9726","targetHints":{"allow":["GET"]}}],"collection":[{"href":"https:\/\/www.sphynx.ch\/de\/wp-json\/wp\/v2\/pages"}],"about":[{"href":"https:\/\/www.sphynx.ch\/de\/wp-json\/wp\/v2\/types\/page"}],"author":[{"embeddable":true,"href":"https:\/\/www.sphynx.ch\/de\/wp-json\/wp\/v2\/users\/8"}],"replies":[{"embeddable":true,"href":"https:\/\/www.sphynx.ch\/de\/wp-json\/wp\/v2\/comments?post=9726"}],"version-history":[{"count":27,"href":"https:\/\/www.sphynx.ch\/de\/wp-json\/wp\/v2\/pages\/9726\/revisions"}],"predecessor-version":[{"id":11193,"href":"https:\/\/www.sphynx.ch\/de\/wp-json\/wp\/v2\/pages\/9726\/revisions\/11193"}],"wp:attachment":[{"href":"https:\/\/www.sphynx.ch\/de\/wp-json\/wp\/v2\/media?parent=9726"}],"curies":[{"name":"wp","href":"https:\/\/api.w.org\/{rel}","templated":true}]}}