{"id":9724,"date":"2024-04-29T15:40:10","date_gmt":"2024-04-29T12:40:10","guid":{"rendered":"https:\/\/www.sphynx.ch\/datenschutzbestimmungen\/"},"modified":"2025-03-19T15:52:32","modified_gmt":"2025-03-19T13:52:32","slug":"datenschutzbestimmungen","status":"publish","type":"page","link":"https:\/\/www.sphynx.ch\/de\/datenschutzbestimmungen\/","title":{"rendered":"Datenschutzbestimmungen"},"content":{"rendered":"\t\t<div data-elementor-type=\"wp-page\" data-elementor-id=\"9724\" class=\"elementor elementor-9724 elementor-3\" data-elementor-post-type=\"page\">\n\t\t\t\t<div class=\"elementor-element elementor-element-43cef986 hero hero-notextshadow e-flex e-con-boxed e-con e-parent\" data-id=\"43cef986\" data-element_type=\"container\" data-e-type=\"container\">\n\t\t\t\t\t<div class=\"e-con-inner\">\n\t\t\t\t<div class=\"elementor-element elementor-element-1ffdfe24 elementor-widget elementor-widget-heading\" data-id=\"1ffdfe24\" data-element_type=\"widget\" data-e-type=\"widget\" data-widget_type=\"heading.default\">\n\t\t\t\t<div class=\"elementor-widget-container\">\n\t\t\t\t\t<h1 class=\"elementor-heading-title elementor-size-default\">Datenschutzbestimmungen<\/h1>\t\t\t\t<\/div>\n\t\t\t\t<\/div>\n\t\t\t\t\t<\/div>\n\t\t\t\t<\/div>\n\t\t<div class=\"elementor-element elementor-element-922175c e-flex e-con-boxed e-con e-parent\" data-id=\"922175c\" data-element_type=\"container\" data-e-type=\"container\">\n\t\t\t\t\t<div class=\"e-con-inner\">\n\t\t\t\t<div class=\"elementor-element elementor-element-117d1ec elementor-widget elementor-widget-text-editor\" data-id=\"117d1ec\" data-element_type=\"widget\" data-e-type=\"widget\" data-widget_type=\"text-editor.default\">\n\t\t\t\t<div class=\"elementor-widget-container\">\n\t\t\t\t\t\t\t\t\t<p><strong>Datum des Inkrafttretens:<\/strong> 15. Oktober 2024<\/p><p>Sphynx (&#8222;wir&#8220;, &#8222;uns&#8220; oder &#8222;unser&#8220;) verpflichtet sich, Ihre Privatsph\u00e4re zu sch\u00fctzen. In dieser Datenschutzrichtlinie wird erl\u00e4utert, wie wir Informationen sammeln, verwenden und weitergeben, wenn Sie unsere Website unter https:\/\/www.sphynx.ch\/ (&#8222;Website&#8220;) besuchen. Durch die Nutzung unserer Website erkl\u00e4ren Sie sich mit der Erfassung und Verwendung von Informationen in \u00dcbereinstimmung mit dieser Richtlinie einverstanden.  <\/p>\t\t\t\t\t\t\t\t<\/div>\n\t\t\t\t<\/div>\n\t\t<div class=\"elementor-element elementor-element-1b4c338 e-con-full e-flex e-con e-child\" data-id=\"1b4c338\" data-element_type=\"container\" data-e-type=\"container\">\n\t\t\t\t<div class=\"elementor-element elementor-element-ba09a1d elementor-widget elementor-widget-heading\" data-id=\"ba09a1d\" data-element_type=\"widget\" data-e-type=\"widget\" data-widget_type=\"heading.default\">\n\t\t\t\t<div class=\"elementor-widget-container\">\n\t\t\t\t\t<h2 class=\"elementor-heading-title elementor-size-default\">1. Informationen, die wir sammeln<\/h2>\t\t\t\t<\/div>\n\t\t\t\t<\/div>\n\t\t\t\t<div class=\"elementor-element elementor-element-87d0ff8 elementor-widget elementor-widget-text-editor\" data-id=\"87d0ff8\" data-element_type=\"widget\" data-e-type=\"widget\" data-widget_type=\"text-editor.default\">\n\t\t\t\t<div class=\"elementor-widget-container\">\n\t\t\t\t\t\t\t\t\t<p>Wir sammeln die folgenden Arten von Informationen:<\/p>\t\t\t\t\t\t\t\t<\/div>\n\t\t\t\t<\/div>\n\t\t\t\t<div class=\"elementor-element elementor-element-19bf8b3 elementor-widget elementor-widget-heading\" data-id=\"19bf8b3\" data-element_type=\"widget\" data-e-type=\"widget\" data-widget_type=\"heading.default\">\n\t\t\t\t<div class=\"elementor-widget-container\">\n\t\t\t\t\t<h3 class=\"elementor-heading-title elementor-size-default\">1.1 Pers\u00f6nliche Daten<\/h3>\t\t\t\t<\/div>\n\t\t\t\t<\/div>\n\t\t\t\t<div class=\"elementor-element elementor-element-8229a05 elementor-widget elementor-widget-text-editor\" data-id=\"8229a05\" data-element_type=\"widget\" data-e-type=\"widget\" data-widget_type=\"text-editor.default\">\n\t\t\t\t<div class=\"elementor-widget-container\">\n\t\t\t\t\t\t\t\t\t<p>Personenbezogene Daten beziehen sich auf alle Informationen, die sich auf eine identifizierte oder identifizierbare Person beziehen. Dies umfasst: <\/p><ul><li>Name<\/li><li>E-Mail Adresse<\/li><li>Rufnummer<\/li><li>IP-Adresse<\/li><li>Alle anderen Informationen, die Sie freiwillig beim Ausf\u00fcllen von Formularen oder bei der Kontaktaufnahme mit uns angeben.<\/li><\/ul>\t\t\t\t\t\t\t\t<\/div>\n\t\t\t\t<\/div>\n\t\t\t\t<div class=\"elementor-element elementor-element-84b5c0d elementor-widget elementor-widget-heading\" data-id=\"84b5c0d\" data-element_type=\"widget\" data-e-type=\"widget\" data-widget_type=\"heading.default\">\n\t\t\t\t<div class=\"elementor-widget-container\">\n\t\t\t\t\t<h3 class=\"elementor-heading-title elementor-size-default\">1.2 Nicht-personenbezogene Daten<\/h3>\t\t\t\t<\/div>\n\t\t\t\t<\/div>\n\t\t\t\t<div class=\"elementor-element elementor-element-6e396d0 elementor-widget elementor-widget-text-editor\" data-id=\"6e396d0\" data-element_type=\"widget\" data-e-type=\"widget\" data-widget_type=\"text-editor.default\">\n\t\t\t\t<div class=\"elementor-widget-container\">\n\t\t\t\t\t\t\t\t\t<p><strong>Wir k\u00f6nnen automatisch nicht-personenbezogene Daten erfassen, wenn Sie unsere Website nutzen. Dies umfasst: <\/strong><\/p><ul><li>Browsertyp und -version<\/li><li>Betriebssystem<\/li><li>Referrer URL<\/li><li>Datum und Uhrzeit Ihres Besuchs<\/li><li>Interne Website-Analysedaten (gesammelt durch interne Tools, nicht durch Dienste Dritter).<\/li><\/ul>\t\t\t\t\t\t\t\t<\/div>\n\t\t\t\t<\/div>\n\t\t\t\t<\/div>\n\t\t<div class=\"elementor-element elementor-element-c7ce5b6 e-con-full e-flex e-con e-child\" data-id=\"c7ce5b6\" data-element_type=\"container\" data-e-type=\"container\">\n\t\t\t\t<div class=\"elementor-element elementor-element-a6a1812 elementor-widget elementor-widget-heading\" data-id=\"a6a1812\" data-element_type=\"widget\" data-e-type=\"widget\" data-widget_type=\"heading.default\">\n\t\t\t\t<div class=\"elementor-widget-container\">\n\t\t\t\t\t<h2 class=\"elementor-heading-title elementor-size-default\">2. Wie wir Ihre Daten verwenden<\/h2>\t\t\t\t<\/div>\n\t\t\t\t<\/div>\n\t\t\t\t<div class=\"elementor-element elementor-element-30562ca elementor-widget elementor-widget-text-editor\" data-id=\"30562ca\" data-element_type=\"widget\" data-e-type=\"widget\" data-widget_type=\"text-editor.default\">\n\t\t\t\t<div class=\"elementor-widget-container\">\n\t\t\t\t\t\t\t\t\t<p><strong>Wir verwenden die gesammelten Daten f\u00fcr die folgenden Zwecke:<\/strong><\/p><ul><li>Zur Bereitstellung und Pflege unserer Website.<\/li><li>Um auf Ihre Anfragen oder W\u00fcnsche zu antworten.<\/li><li>Um die Funktionalit\u00e4t unserer Website und die Benutzerfreundlichkeit zu verbessern.<\/li><li>Um die Nutzung und die Aktivit\u00e4ten auf der Website zu \u00fcberwachen und zu analysieren (nur mit internen Analysetools).<\/li><li>Um gesetzlichen Verpflichtungen nachzukommen.<\/li><\/ul>\t\t\t\t\t\t\t\t<\/div>\n\t\t\t\t<\/div>\n\t\t\t\t<\/div>\n\t\t<div class=\"elementor-element elementor-element-f60d4d8 e-con-full e-flex e-con e-child\" data-id=\"f60d4d8\" data-element_type=\"container\" data-e-type=\"container\">\n\t\t\t\t<div class=\"elementor-element elementor-element-c2e3d46 elementor-widget elementor-widget-heading\" data-id=\"c2e3d46\" data-element_type=\"widget\" data-e-type=\"widget\" data-widget_type=\"heading.default\">\n\t\t\t\t<div class=\"elementor-widget-container\">\n\t\t\t\t\t<h2 class=\"elementor-heading-title elementor-size-default\">3. Cookies und Tracking-Technologien<\/h2>\t\t\t\t<\/div>\n\t\t\t\t<\/div>\n\t\t\t\t<div class=\"elementor-element elementor-element-1a474a5 elementor-widget elementor-widget-text-editor\" data-id=\"1a474a5\" data-element_type=\"widget\" data-e-type=\"widget\" data-widget_type=\"text-editor.default\">\n\t\t\t\t<div class=\"elementor-widget-container\">\n\t\t\t\t\t\t\t\t\t<p>Unsere Website verwendet Cookies, um Ihr Erlebnis zu verbessern. Ein Cookie ist eine kleine Datei, die auf Ihrem Ger\u00e4t gespeichert wird und uns hilft, Sie bei zuk\u00fcnftigen Besuchen wiederzuerkennen. Die Arten von Cookies, die wir verwenden, sind:  <\/p><ul><li><strong>Unverzichtbare Cookies:<\/strong> Erforderlich f\u00fcr den Betrieb der Website.<\/li><li><strong>Analyse-Cookies:<\/strong> Wir verwenden interne Analysetools, um zu verfolgen, wie Sie mit der Website interagieren, um die Benutzerfreundlichkeit zu verbessern.<\/li><\/ul><p>Sie haben das Recht, Cookies zu akzeptieren oder abzulehnen. Bei den meisten Browsern k\u00f6nnen Sie die Cookie-Einstellungen \u00fcber Ihre Einstellungen verwalten. Bitte beachten Sie, dass einige Teile unserer Website m\u00f6glicherweise nicht richtig funktionieren, wenn Sie Cookies deaktivieren m\u00f6chten.  <\/p>\t\t\t\t\t\t\t\t<\/div>\n\t\t\t\t<\/div>\n\t\t\t\t<\/div>\n\t\t<div class=\"elementor-element elementor-element-3c07b4c e-con-full e-flex e-con e-child\" data-id=\"3c07b4c\" data-element_type=\"container\" data-e-type=\"container\">\n\t\t\t\t<div class=\"elementor-element elementor-element-aa74d1a elementor-widget elementor-widget-heading\" data-id=\"aa74d1a\" data-element_type=\"widget\" data-e-type=\"widget\" data-widget_type=\"heading.default\">\n\t\t\t\t<div class=\"elementor-widget-container\">\n\t\t\t\t\t<h2 class=\"elementor-heading-title elementor-size-default\">4. Datenaufbewahrung\n<\/h2>\t\t\t\t<\/div>\n\t\t\t\t<\/div>\n\t\t\t\t<div class=\"elementor-element elementor-element-b873205 elementor-widget elementor-widget-text-editor\" data-id=\"b873205\" data-element_type=\"widget\" data-e-type=\"widget\" data-widget_type=\"text-editor.default\">\n\t\t\t\t<div class=\"elementor-widget-container\">\n\t\t\t\t\t\t\t\t\t<p>Wir werden Ihre pers\u00f6nlichen Daten nur so lange aufbewahren, wie es f\u00fcr die Erf\u00fcllung der in dieser Richtlinie genannten Zwecke oder zur Einhaltung gesetzlicher Vorschriften erforderlich ist.<\/p>\t\t\t\t\t\t\t\t<\/div>\n\t\t\t\t<\/div>\n\t\t\t\t<\/div>\n\t\t<div class=\"elementor-element elementor-element-c228cb3 e-con-full e-flex e-con e-child\" data-id=\"c228cb3\" data-element_type=\"container\" data-e-type=\"container\">\n\t\t\t\t<div class=\"elementor-element elementor-element-5e9d60f elementor-widget elementor-widget-heading\" data-id=\"5e9d60f\" data-element_type=\"widget\" data-e-type=\"widget\" data-widget_type=\"heading.default\">\n\t\t\t\t<div class=\"elementor-widget-container\">\n\t\t\t\t\t<h2 class=\"elementor-heading-title elementor-size-default\">5. Ihre Rechte unter GDPR<\/h2>\t\t\t\t<\/div>\n\t\t\t\t<\/div>\n\t\t\t\t<div class=\"elementor-element elementor-element-8288943 elementor-widget elementor-widget-text-editor\" data-id=\"8288943\" data-element_type=\"widget\" data-e-type=\"widget\" data-widget_type=\"text-editor.default\">\n\t\t\t\t<div class=\"elementor-widget-container\">\n\t\t\t\t\t\t\t\t\t<p>Wenn Sie sich im Europ\u00e4ischen Wirtschaftsraum (EWR) befinden, haben Sie die folgenden Rechte in Bezug auf Ihre pers\u00f6nlichen Daten:<\/p><ul><li><strong>Recht auf Zugang:<\/strong> Sie haben das Recht, Zugang zu Ihren pers\u00f6nlichen Daten zu verlangen.<\/li><li><strong>Recht auf Berichtigung:<\/strong> Sie k\u00f6nnen die Berichtigung Ihrer pers\u00f6nlichen Daten verlangen, wenn diese unrichtig sind.<\/li><li><strong>Recht auf L\u00f6schung:<\/strong> Sie k\u00f6nnen die L\u00f6schung Ihrer pers\u00f6nlichen Daten verlangen.<\/li><li><strong>Recht auf Einschr\u00e4nkung:<\/strong> Sie k\u00f6nnen eine Einschr\u00e4nkung der Verarbeitung Ihrer pers\u00f6nlichen Daten verlangen.<\/li><li><strong>Recht auf Daten\u00fcbertragbarkeit:<\/strong> Sie haben das Recht, Ihre pers\u00f6nlichen Daten in einem strukturierten, allgemein gebr\u00e4uchlichen Format zu erhalten.<\/li><li><strong>Recht auf Widerspruch:<\/strong> Sie k\u00f6nnen der Verarbeitung Ihrer Daten unter bestimmten Bedingungen widersprechen.<\/li><\/ul><p>Um eines dieser Rechte auszu\u00fcben, kontaktieren Sie uns bitte unter [Your Contact Email].<\/p>\t\t\t\t\t\t\t\t<\/div>\n\t\t\t\t<\/div>\n\t\t\t\t<\/div>\n\t\t<div class=\"elementor-element elementor-element-4c69e12 e-con-full e-flex e-con e-child\" data-id=\"4c69e12\" data-element_type=\"container\" data-e-type=\"container\">\n\t\t\t\t<div class=\"elementor-element elementor-element-71d83ec elementor-widget elementor-widget-heading\" data-id=\"71d83ec\" data-element_type=\"widget\" data-e-type=\"widget\" data-widget_type=\"heading.default\">\n\t\t\t\t<div class=\"elementor-widget-container\">\n\t\t\t\t\t<h2 class=\"elementor-heading-title elementor-size-default\">6. Gemeinsame Nutzung durch Dritte<\/h2>\t\t\t\t<\/div>\n\t\t\t\t<\/div>\n\t\t\t\t<div class=\"elementor-element elementor-element-c0efc3f elementor-widget elementor-widget-text-editor\" data-id=\"c0efc3f\" data-element_type=\"widget\" data-e-type=\"widget\" data-widget_type=\"text-editor.default\">\n\t\t\t\t<div class=\"elementor-widget-container\">\n\t\t\t\t\t\t\t\t\t<p>Wir geben Ihre pers\u00f6nlichen Daten nicht an Dritte weiter, es sei denn, dies ist gesetzlich vorgeschrieben oder f\u00fcr die Erbringung unserer Dienstleistungen erforderlich.<\/p>\t\t\t\t\t\t\t\t<\/div>\n\t\t\t\t<\/div>\n\t\t\t\t<\/div>\n\t\t<div class=\"elementor-element elementor-element-eb57d3e e-con-full e-flex e-con e-child\" data-id=\"eb57d3e\" data-element_type=\"container\" data-e-type=\"container\">\n\t\t\t\t<div class=\"elementor-element elementor-element-94a93bd elementor-widget elementor-widget-heading\" data-id=\"94a93bd\" data-element_type=\"widget\" data-e-type=\"widget\" data-widget_type=\"heading.default\">\n\t\t\t\t<div class=\"elementor-widget-container\">\n\t\t\t\t\t<h2 class=\"elementor-heading-title elementor-size-default\">7. Sicherheit<\/h2>\t\t\t\t<\/div>\n\t\t\t\t<\/div>\n\t\t\t\t<div class=\"elementor-element elementor-element-17d1aed elementor-widget elementor-widget-text-editor\" data-id=\"17d1aed\" data-element_type=\"widget\" data-e-type=\"widget\" data-widget_type=\"text-editor.default\">\n\t\t\t\t<div class=\"elementor-widget-container\">\n\t\t\t\t\t\t\t\t\t<p>Wir ergreifen angemessene Sicherheitsma\u00dfnahmen, um Ihre pers\u00f6nlichen Daten vor unbefugtem Zugriff, Offenlegung oder Zerst\u00f6rung zu sch\u00fctzen. Allerdings ist keine Methode der Daten\u00fcbertragung oder -speicherung 100% sicher, so dass wir keine absolute Sicherheit garantieren k\u00f6nnen. <\/p>\t\t\t\t\t\t\t\t<\/div>\n\t\t\t\t<\/div>\n\t\t\t\t<\/div>\n\t\t<div class=\"elementor-element elementor-element-d29558f e-con-full e-flex e-con e-child\" data-id=\"d29558f\" data-element_type=\"container\" data-e-type=\"container\">\n\t\t\t\t<div class=\"elementor-element elementor-element-4739d67 elementor-widget elementor-widget-heading\" data-id=\"4739d67\" data-element_type=\"widget\" data-e-type=\"widget\" data-widget_type=\"heading.default\">\n\t\t\t\t<div class=\"elementor-widget-container\">\n\t\t\t\t\t<h2 class=\"elementor-heading-title elementor-size-default\">8. \u00c4nderungen an dieser Datenschutzrichtlinie<\/h2>\t\t\t\t<\/div>\n\t\t\t\t<\/div>\n\t\t\t\t<div class=\"elementor-element elementor-element-b884a05 elementor-widget elementor-widget-text-editor\" data-id=\"b884a05\" data-element_type=\"widget\" data-e-type=\"widget\" data-widget_type=\"text-editor.default\">\n\t\t\t\t<div class=\"elementor-widget-container\">\n\t\t\t\t\t\t\t\t\t<p>Wir k\u00f6nnen unsere Datenschutzrichtlinie von Zeit zu Zeit aktualisieren. Alle \u00c4nderungen werden auf dieser Seite ver\u00f6ffentlicht, wobei das &#8222;Datum des Inkrafttretens&#8220; entsprechend aktualisiert wird. Wir empfehlen Ihnen, diese Richtlinie regelm\u00e4\u00dfig auf Aktualisierungen zu \u00fcberpr\u00fcfen.  <\/p>\t\t\t\t\t\t\t\t<\/div>\n\t\t\t\t<\/div>\n\t\t\t\t<\/div>\n\t\t<div class=\"elementor-element elementor-element-ca03b18 e-con-full e-flex e-con e-child\" data-id=\"ca03b18\" data-element_type=\"container\" data-e-type=\"container\">\n\t\t\t\t<div class=\"elementor-element elementor-element-e74b3c6 elementor-widget elementor-widget-heading\" data-id=\"e74b3c6\" data-element_type=\"widget\" data-e-type=\"widget\" data-widget_type=\"heading.default\">\n\t\t\t\t<div class=\"elementor-widget-container\">\n\t\t\t\t\t<h2 class=\"elementor-heading-title elementor-size-default\">9. Kontaktieren Sie uns<\/h2>\t\t\t\t<\/div>\n\t\t\t\t<\/div>\n\t\t\t\t<div class=\"elementor-element elementor-element-f67cdfb elementor-widget elementor-widget-text-editor\" data-id=\"f67cdfb\" data-element_type=\"widget\" data-e-type=\"widget\" data-widget_type=\"text-editor.default\">\n\t\t\t\t<div class=\"elementor-widget-container\">\n\t\t\t\t\t\t\t\t\t<p>Wenn Sie Fragen zu dieser Datenschutzrichtlinie oder zum Umgang mit Ihren pers\u00f6nlichen Daten haben, wenden Sie sich bitte an uns:<\/p><ul><li>E-Mail: <span data-teams=\"true\">enquiries@sphynx.ch<\/span><\/li><li>Adresse: Argous 6, Vouliagmeni 166 71, Griechenland<\/li><\/ul>\t\t\t\t\t\t\t\t<\/div>\n\t\t\t\t<\/div>\n\t\t\t\t<\/div>\n\t\t\t\t\t<\/div>\n\t\t\t\t<\/div>\n\t\t\t\t<\/div>\n\t\t","protected":false},"excerpt":{"rendered":"<p>Datum des Inkrafttretens: 15. Oktober 2024 Sphynx (&#8222;wir&#8220;, &#8222;uns&#8220; oder &#8222;unser&#8220;) verpflichtet sich, Ihre Privatsph\u00e4re zu sch\u00fctzen. In dieser Datenschutzrichtlinie wird erl\u00e4utert, wie wir Informationen sammeln, verwenden und weitergeben, wenn Sie unsere Website unter https:\/\/www.sphynx.ch\/ (&#8222;Website&#8220;) besuchen. Durch die Nutzung unserer Website erkl\u00e4ren Sie sich mit der Erfassung und Verwendung von Informationen in \u00dcbereinstimmung mit [&hellip;]<\/p>\n","protected":false},"author":8,"featured_media":0,"parent":0,"menu_order":0,"comment_status":"closed","ping_status":"open","template":"","meta":{"_acf_changed":false,"inline_featured_image":false,"footnotes":""},"class_list":["post-9724","page","type-page","status-publish","hentry"],"acf":[],"yoast_head":"<!-- This site is optimized with the Yoast SEO plugin v27.4 - https:\/\/yoast.com\/product\/yoast-seo-wordpress\/ -->\n<title>Datenschutzbestimmungen - Sphynx<\/title>\n<meta name=\"robots\" content=\"index, follow, max-snippet:-1, max-image-preview:large, max-video-preview:-1\" \/>\n<link rel=\"canonical\" href=\"https:\/\/www.sphynx.ch\/de\/datenschutzbestimmungen\/\" \/>\n<meta property=\"og:locale\" content=\"de_DE\" \/>\n<meta property=\"og:type\" content=\"article\" \/>\n<meta property=\"og:title\" content=\"Datenschutzbestimmungen - Sphynx\" \/>\n<meta property=\"og:description\" content=\"Datum des Inkrafttretens: 15. Oktober 2024 Sphynx (&#8222;wir&#8220;, &#8222;uns&#8220; oder &#8222;unser&#8220;) verpflichtet sich, Ihre Privatsph\u00e4re zu sch\u00fctzen. In dieser Datenschutzrichtlinie wird erl\u00e4utert, wie wir Informationen sammeln, verwenden und weitergeben, wenn Sie unsere Website unter https:\/\/www.sphynx.ch\/ (&#8222;Website&#8220;) besuchen. Durch die Nutzung unserer Website erkl\u00e4ren Sie sich mit der Erfassung und Verwendung von Informationen in \u00dcbereinstimmung mit [&hellip;]\" \/>\n<meta property=\"og:url\" content=\"https:\/\/www.sphynx.ch\/de\/datenschutzbestimmungen\/\" \/>\n<meta property=\"og:site_name\" content=\"Sphynx\" \/>\n<meta property=\"article:modified_time\" content=\"2025-03-19T13:52:32+00:00\" \/>\n<meta property=\"og:image\" content=\"https:\/\/www.sphynx.ch\/wp-content\/uploads\/2025\/02\/OG-Image.webp\" \/>\n\t<meta property=\"og:image:width\" content=\"1200\" \/>\n\t<meta property=\"og:image:height\" content=\"675\" \/>\n\t<meta property=\"og:image:type\" content=\"image\/webp\" \/>\n<meta name=\"twitter:card\" content=\"summary_large_image\" \/>\n<meta name=\"twitter:label1\" content=\"Gesch\u00e4tzte Lesezeit\" \/>\n\t<meta name=\"twitter:data1\" content=\"3\u00a0Minuten\" \/>\n<script type=\"application\/ld+json\" class=\"yoast-schema-graph\">{\"@context\":\"https:\\\/\\\/schema.org\",\"@graph\":[{\"@type\":\"WebPage\",\"@id\":\"https:\\\/\\\/www.sphynx.ch\\\/de\\\/datenschutzbestimmungen\\\/\",\"url\":\"https:\\\/\\\/www.sphynx.ch\\\/de\\\/datenschutzbestimmungen\\\/\",\"name\":\"Datenschutzbestimmungen - Sphynx\",\"isPartOf\":{\"@id\":\"https:\\\/\\\/www.sphynx.ch\\\/de\\\/#website\"},\"datePublished\":\"2024-04-29T12:40:10+00:00\",\"dateModified\":\"2025-03-19T13:52:32+00:00\",\"breadcrumb\":{\"@id\":\"https:\\\/\\\/www.sphynx.ch\\\/de\\\/datenschutzbestimmungen\\\/#breadcrumb\"},\"inLanguage\":\"de\",\"potentialAction\":[{\"@type\":\"ReadAction\",\"target\":[\"https:\\\/\\\/www.sphynx.ch\\\/de\\\/datenschutzbestimmungen\\\/\"]}]},{\"@type\":\"BreadcrumbList\",\"@id\":\"https:\\\/\\\/www.sphynx.ch\\\/de\\\/datenschutzbestimmungen\\\/#breadcrumb\",\"itemListElement\":[{\"@type\":\"ListItem\",\"position\":1,\"name\":\"Home\",\"item\":\"https:\\\/\\\/www.sphynx.ch\\\/de\\\/\"},{\"@type\":\"ListItem\",\"position\":2,\"name\":\"Datenschutzbestimmungen\"}]},{\"@type\":\"WebSite\",\"@id\":\"https:\\\/\\\/www.sphynx.ch\\\/de\\\/#website\",\"url\":\"https:\\\/\\\/www.sphynx.ch\\\/de\\\/\",\"name\":\"Sphynx\",\"description\":\"Cutting-edge Cybersecurity Technologies\",\"publisher\":{\"@id\":\"https:\\\/\\\/www.sphynx.ch\\\/de\\\/#organization\"},\"potentialAction\":[{\"@type\":\"SearchAction\",\"target\":{\"@type\":\"EntryPoint\",\"urlTemplate\":\"https:\\\/\\\/www.sphynx.ch\\\/de\\\/?s={search_term_string}\"},\"query-input\":{\"@type\":\"PropertyValueSpecification\",\"valueRequired\":true,\"valueName\":\"search_term_string\"}}],\"inLanguage\":\"de\"},{\"@type\":\"Organization\",\"@id\":\"https:\\\/\\\/www.sphynx.ch\\\/de\\\/#organization\",\"name\":\"Sphynx\",\"url\":\"https:\\\/\\\/www.sphynx.ch\\\/de\\\/\",\"logo\":{\"@type\":\"ImageObject\",\"inLanguage\":\"de\",\"@id\":\"https:\\\/\\\/www.sphynx.ch\\\/de\\\/#\\\/schema\\\/logo\\\/image\\\/\",\"url\":\"https:\\\/\\\/www.sphynx.ch\\\/wp-content\\\/uploads\\\/2025\\\/02\\\/OG-Image.webp\",\"contentUrl\":\"https:\\\/\\\/www.sphynx.ch\\\/wp-content\\\/uploads\\\/2025\\\/02\\\/OG-Image.webp\",\"width\":1200,\"height\":675,\"caption\":\"Sphynx\"},\"image\":{\"@id\":\"https:\\\/\\\/www.sphynx.ch\\\/de\\\/#\\\/schema\\\/logo\\\/image\\\/\"}}]}<\/script>\n<!-- \/ Yoast SEO plugin. -->","yoast_head_json":{"title":"Datenschutzbestimmungen - Sphynx","robots":{"index":"index","follow":"follow","max-snippet":"max-snippet:-1","max-image-preview":"max-image-preview:large","max-video-preview":"max-video-preview:-1"},"canonical":"https:\/\/www.sphynx.ch\/de\/datenschutzbestimmungen\/","og_locale":"de_DE","og_type":"article","og_title":"Datenschutzbestimmungen - Sphynx","og_description":"Datum des Inkrafttretens: 15. Oktober 2024 Sphynx (&#8222;wir&#8220;, &#8222;uns&#8220; oder &#8222;unser&#8220;) verpflichtet sich, Ihre Privatsph\u00e4re zu sch\u00fctzen. In dieser Datenschutzrichtlinie wird erl\u00e4utert, wie wir Informationen sammeln, verwenden und weitergeben, wenn Sie unsere Website unter https:\/\/www.sphynx.ch\/ (&#8222;Website&#8220;) besuchen. Durch die Nutzung unserer Website erkl\u00e4ren Sie sich mit der Erfassung und Verwendung von Informationen in \u00dcbereinstimmung mit [&hellip;]","og_url":"https:\/\/www.sphynx.ch\/de\/datenschutzbestimmungen\/","og_site_name":"Sphynx","article_modified_time":"2025-03-19T13:52:32+00:00","og_image":[{"width":1200,"height":675,"url":"https:\/\/www.sphynx.ch\/wp-content\/uploads\/2025\/02\/OG-Image.webp","type":"image\/webp"}],"twitter_card":"summary_large_image","twitter_misc":{"Gesch\u00e4tzte Lesezeit":"3\u00a0Minuten"},"schema":{"@context":"https:\/\/schema.org","@graph":[{"@type":"WebPage","@id":"https:\/\/www.sphynx.ch\/de\/datenschutzbestimmungen\/","url":"https:\/\/www.sphynx.ch\/de\/datenschutzbestimmungen\/","name":"Datenschutzbestimmungen - Sphynx","isPartOf":{"@id":"https:\/\/www.sphynx.ch\/de\/#website"},"datePublished":"2024-04-29T12:40:10+00:00","dateModified":"2025-03-19T13:52:32+00:00","breadcrumb":{"@id":"https:\/\/www.sphynx.ch\/de\/datenschutzbestimmungen\/#breadcrumb"},"inLanguage":"de","potentialAction":[{"@type":"ReadAction","target":["https:\/\/www.sphynx.ch\/de\/datenschutzbestimmungen\/"]}]},{"@type":"BreadcrumbList","@id":"https:\/\/www.sphynx.ch\/de\/datenschutzbestimmungen\/#breadcrumb","itemListElement":[{"@type":"ListItem","position":1,"name":"Home","item":"https:\/\/www.sphynx.ch\/de\/"},{"@type":"ListItem","position":2,"name":"Datenschutzbestimmungen"}]},{"@type":"WebSite","@id":"https:\/\/www.sphynx.ch\/de\/#website","url":"https:\/\/www.sphynx.ch\/de\/","name":"Sphynx","description":"Cutting-edge Cybersecurity Technologies","publisher":{"@id":"https:\/\/www.sphynx.ch\/de\/#organization"},"potentialAction":[{"@type":"SearchAction","target":{"@type":"EntryPoint","urlTemplate":"https:\/\/www.sphynx.ch\/de\/?s={search_term_string}"},"query-input":{"@type":"PropertyValueSpecification","valueRequired":true,"valueName":"search_term_string"}}],"inLanguage":"de"},{"@type":"Organization","@id":"https:\/\/www.sphynx.ch\/de\/#organization","name":"Sphynx","url":"https:\/\/www.sphynx.ch\/de\/","logo":{"@type":"ImageObject","inLanguage":"de","@id":"https:\/\/www.sphynx.ch\/de\/#\/schema\/logo\/image\/","url":"https:\/\/www.sphynx.ch\/wp-content\/uploads\/2025\/02\/OG-Image.webp","contentUrl":"https:\/\/www.sphynx.ch\/wp-content\/uploads\/2025\/02\/OG-Image.webp","width":1200,"height":675,"caption":"Sphynx"},"image":{"@id":"https:\/\/www.sphynx.ch\/de\/#\/schema\/logo\/image\/"}}]}},"_links":{"self":[{"href":"https:\/\/www.sphynx.ch\/de\/wp-json\/wp\/v2\/pages\/9724","targetHints":{"allow":["GET"]}}],"collection":[{"href":"https:\/\/www.sphynx.ch\/de\/wp-json\/wp\/v2\/pages"}],"about":[{"href":"https:\/\/www.sphynx.ch\/de\/wp-json\/wp\/v2\/types\/page"}],"author":[{"embeddable":true,"href":"https:\/\/www.sphynx.ch\/de\/wp-json\/wp\/v2\/users\/8"}],"replies":[{"embeddable":true,"href":"https:\/\/www.sphynx.ch\/de\/wp-json\/wp\/v2\/comments?post=9724"}],"version-history":[{"count":1,"href":"https:\/\/www.sphynx.ch\/de\/wp-json\/wp\/v2\/pages\/9724\/revisions"}],"predecessor-version":[{"id":9725,"href":"https:\/\/www.sphynx.ch\/de\/wp-json\/wp\/v2\/pages\/9724\/revisions\/9725"}],"wp:attachment":[{"href":"https:\/\/www.sphynx.ch\/de\/wp-json\/wp\/v2\/media?parent=9724"}],"curies":[{"name":"wp","href":"https:\/\/api.w.org\/{rel}","templated":true}]}}