{"id":9616,"date":"2024-09-18T17:53:42","date_gmt":"2024-09-18T14:53:42","guid":{"rendered":"https:\/\/www.sphynx.ch\/forschung\/"},"modified":"2025-04-09T09:40:38","modified_gmt":"2025-04-09T06:40:38","slug":"forschung","status":"publish","type":"page","link":"https:\/\/www.sphynx.ch\/de\/forschung\/","title":{"rendered":"Forschung"},"content":{"rendered":"\t\t<div data-elementor-type=\"wp-page\" data-elementor-id=\"9616\" class=\"elementor elementor-9616 elementor-2486\" data-elementor-post-type=\"page\">\n\t\t\t\t<div class=\"elementor-element elementor-element-759e0ab1 hero hero-bg--dark e-flex e-con-boxed e-con e-parent\" data-id=\"759e0ab1\" data-element_type=\"container\" data-e-type=\"container\" data-settings=\"{&quot;background_background&quot;:&quot;classic&quot;}\">\n\t\t\t\t\t<div class=\"e-con-inner\">\n\t\t\t\t<div class=\"elementor-element elementor-element-35a9be7d elementor-widget elementor-widget-heading\" data-id=\"35a9be7d\" data-element_type=\"widget\" data-e-type=\"widget\" data-widget_type=\"heading.default\">\n\t\t\t\t<div class=\"elementor-widget-container\">\n\t\t\t\t\t<h1 class=\"elementor-heading-title elementor-size-default\">Forschung<\/h1>\t\t\t\t<\/div>\n\t\t\t\t<\/div>\n\t\t\t\t<div class=\"elementor-element elementor-element-55c813c0 elementor-widget elementor-widget-heading\" data-id=\"55c813c0\" data-element_type=\"widget\" data-e-type=\"widget\" data-widget_type=\"heading.default\">\n\t\t\t\t<div class=\"elementor-widget-container\">\n\t\t\t\t\t<p class=\"elementor-heading-title elementor-size-default\">Sphynx ist stolzer Mitarbeiter und Partner in einer Reihe von finanzierten Forschungsprojekten in einem breiten Spektrum von Themen, die von Cybersicherheit \u00fcber Gesundheitswesen bis hin zu Biotechnologie reichen.<\/p>\t\t\t\t<\/div>\n\t\t\t\t<\/div>\n\t\t\t\t\t<\/div>\n\t\t\t\t<\/div>\n\t\t<div class=\"elementor-element elementor-element-2394809 content-main e-flex e-con-boxed e-con e-parent\" data-id=\"2394809\" data-element_type=\"container\" data-e-type=\"container\">\n\t\t\t\t\t<div class=\"e-con-inner\">\n\t\t<div class=\"elementor-element elementor-element-5be4561 e-con-full content-container e-flex e-con e-child\" data-id=\"5be4561\" data-element_type=\"container\" data-e-type=\"container\">\n\t\t<div class=\"elementor-element elementor-element-767ec05 e-con-full e-flex e-con e-child\" data-id=\"767ec05\" data-element_type=\"container\" data-e-type=\"container\">\n\t\t\t\t<div class=\"elementor-element elementor-element-a53edca elementor-widget elementor-widget-image\" data-id=\"a53edca\" data-element_type=\"widget\" data-e-type=\"widget\" data-widget_type=\"image.default\">\n\t\t\t\t<div class=\"elementor-widget-container\">\n\t\t\t\t\t\t\t\t\t\t\t\t\t\t\t\t<a href=\"https:\/\/www.sphynx.ch\/de\/forschung\/projekte\/\">\n\t\t\t\t\t\t\t<img loading=\"lazy\" decoding=\"async\" width=\"800\" height=\"450\" src=\"https:\/\/www.sphynx.ch\/wp-content\/uploads\/2025\/01\/brands-people-Ax8IA8GAjVg-unsplash-169-1024x576.jpg\" class=\"attachment-large size-large wp-image-9357\" alt=\"\" srcset=\"https:\/\/www.sphynx.ch\/wp-content\/uploads\/2025\/01\/brands-people-Ax8IA8GAjVg-unsplash-169-1024x576.jpg 1024w, https:\/\/www.sphynx.ch\/wp-content\/uploads\/2025\/01\/brands-people-Ax8IA8GAjVg-unsplash-169-300x169.jpg 300w, https:\/\/www.sphynx.ch\/wp-content\/uploads\/2025\/01\/brands-people-Ax8IA8GAjVg-unsplash-169-768x432.jpg 768w, https:\/\/www.sphynx.ch\/wp-content\/uploads\/2025\/01\/brands-people-Ax8IA8GAjVg-unsplash-169-1536x864.jpg 1536w, https:\/\/www.sphynx.ch\/wp-content\/uploads\/2025\/01\/brands-people-Ax8IA8GAjVg-unsplash-169.jpg 1920w\" sizes=\"auto, (max-width: 800px) 100vw, 800px\" \/>\t\t\t\t\t\t\t\t<\/a>\n\t\t\t\t\t\t\t\t\t\t\t\t\t\t\t<\/div>\n\t\t\t\t<\/div>\n\t\t\t\t<div class=\"elementor-element elementor-element-c627b43 elementor-widget elementor-widget-heading\" data-id=\"c627b43\" data-element_type=\"widget\" data-e-type=\"widget\" data-widget_type=\"heading.default\">\n\t\t\t\t<div class=\"elementor-widget-container\">\n\t\t\t\t\t<h2 class=\"elementor-heading-title elementor-size-default\"><a href=\"https:\/\/www.sphynx.ch\/de\/forschung\/projekte\/\">Aktive Projekte<\/a><\/h2>\t\t\t\t<\/div>\n\t\t\t\t<\/div>\n\t\t\t\t<div class=\"elementor-element elementor-element-77b5d2b elementor-widget elementor-widget-text-editor\" data-id=\"77b5d2b\" data-element_type=\"widget\" data-e-type=\"widget\" data-widget_type=\"text-editor.default\">\n\t\t\t\t<div class=\"elementor-widget-container\">\n\t\t\t\t\t\t\t\t\t<p>Wir sind stolz darauf, Partner und Projektleiter bei mehreren Forschungsprojekten im Bereich der Cybersicherheit in wichtigen Bereichen zu sein.<\/p>\t\t\t\t\t\t\t\t<\/div>\n\t\t\t\t<\/div>\n\t\t\t\t<div class=\"elementor-element elementor-element-d742496 elementor-widget elementor-widget-button\" data-id=\"d742496\" data-element_type=\"widget\" data-e-type=\"widget\" data-widget_type=\"button.default\">\n\t\t\t\t<div class=\"elementor-widget-container\">\n\t\t\t\t\t\t\t\t\t<div class=\"elementor-button-wrapper\">\n\t\t\t\t\t<a class=\"elementor-button elementor-button-link elementor-size-sm\" href=\"https:\/\/www.sphynx.ch\/de\/forschung\/projekte\/\">\n\t\t\t\t\t\t<span class=\"elementor-button-content-wrapper\">\n\t\t\t\t\t\t\t\t\t<span class=\"elementor-button-text\">Mehr erfahren<\/span>\n\t\t\t\t\t<\/span>\n\t\t\t\t\t<\/a>\n\t\t\t\t<\/div>\n\t\t\t\t\t\t\t\t<\/div>\n\t\t\t\t<\/div>\n\t\t\t\t<\/div>\n\t\t<div class=\"elementor-element elementor-element-cbbc0eb e-con-full e-flex e-con e-child\" data-id=\"cbbc0eb\" data-element_type=\"container\" data-e-type=\"container\">\n\t\t\t\t<div class=\"elementor-element elementor-element-3fae22b elementor-widget elementor-widget-image\" data-id=\"3fae22b\" data-element_type=\"widget\" data-e-type=\"widget\" data-widget_type=\"image.default\">\n\t\t\t\t<div class=\"elementor-widget-container\">\n\t\t\t\t\t\t\t\t\t\t\t\t\t\t\t\t<a href=\"https:\/\/www.sphynx.ch\/de\/forschung\/projekte-archiv\/\">\n\t\t\t\t\t\t\t<img loading=\"lazy\" decoding=\"async\" width=\"800\" height=\"450\" src=\"https:\/\/www.sphynx.ch\/wp-content\/uploads\/2025\/01\/maarten-van-den-heuvel-8EzNkvLQosk-unsplash-169-1024x576.jpg\" class=\"attachment-large size-large wp-image-9355\" alt=\"\" srcset=\"https:\/\/www.sphynx.ch\/wp-content\/uploads\/2025\/01\/maarten-van-den-heuvel-8EzNkvLQosk-unsplash-169-1024x576.jpg 1024w, https:\/\/www.sphynx.ch\/wp-content\/uploads\/2025\/01\/maarten-van-den-heuvel-8EzNkvLQosk-unsplash-169-300x169.jpg 300w, https:\/\/www.sphynx.ch\/wp-content\/uploads\/2025\/01\/maarten-van-den-heuvel-8EzNkvLQosk-unsplash-169-768x432.jpg 768w, https:\/\/www.sphynx.ch\/wp-content\/uploads\/2025\/01\/maarten-van-den-heuvel-8EzNkvLQosk-unsplash-169-1536x864.jpg 1536w, https:\/\/www.sphynx.ch\/wp-content\/uploads\/2025\/01\/maarten-van-den-heuvel-8EzNkvLQosk-unsplash-169.jpg 1920w\" sizes=\"auto, (max-width: 800px) 100vw, 800px\" \/>\t\t\t\t\t\t\t\t<\/a>\n\t\t\t\t\t\t\t\t\t\t\t\t\t\t\t<\/div>\n\t\t\t\t<\/div>\n\t\t\t\t<div class=\"elementor-element elementor-element-1828c1d elementor-widget elementor-widget-heading\" data-id=\"1828c1d\" data-element_type=\"widget\" data-e-type=\"widget\" data-widget_type=\"heading.default\">\n\t\t\t\t<div class=\"elementor-widget-container\">\n\t\t\t\t\t<h2 class=\"elementor-heading-title elementor-size-default\"><a href=\"https:\/\/www.sphynx.ch\/de\/forschung\/projekte-archiv\/\">Projekte Archiv<\/a><\/h2>\t\t\t\t<\/div>\n\t\t\t\t<\/div>\n\t\t\t\t<div class=\"elementor-element elementor-element-928ae16 elementor-widget elementor-widget-text-editor\" data-id=\"928ae16\" data-element_type=\"widget\" data-e-type=\"widget\" data-widget_type=\"text-editor.default\">\n\t\t\t\t<div class=\"elementor-widget-container\">\n\t\t\t\t\t\t\t\t\t<p>Wir k\u00f6nnen auf eine lange und reiche Geschichte der Teilnahme an Forschungsprojekten zur\u00fcckblicken. Erfahren Sie mehr \u00fcber alle Projekte in unserem Archiv.<\/p>\t\t\t\t\t\t\t\t<\/div>\n\t\t\t\t<\/div>\n\t\t\t\t<div class=\"elementor-element elementor-element-8cf70e0 elementor-widget elementor-widget-button\" data-id=\"8cf70e0\" data-element_type=\"widget\" data-e-type=\"widget\" data-widget_type=\"button.default\">\n\t\t\t\t<div class=\"elementor-widget-container\">\n\t\t\t\t\t\t\t\t\t<div class=\"elementor-button-wrapper\">\n\t\t\t\t\t<a class=\"elementor-button elementor-button-link elementor-size-sm\" href=\"https:\/\/www.sphynx.ch\/de\/forschung\/projekte-archiv\/\">\n\t\t\t\t\t\t<span class=\"elementor-button-content-wrapper\">\n\t\t\t\t\t\t\t\t\t<span class=\"elementor-button-text\">Mehr erfahren<\/span>\n\t\t\t\t\t<\/span>\n\t\t\t\t\t<\/a>\n\t\t\t\t<\/div>\n\t\t\t\t\t\t\t\t<\/div>\n\t\t\t\t<\/div>\n\t\t\t\t<\/div>\n\t\t<div class=\"elementor-element elementor-element-b830ef3 e-con-full e-flex e-con e-child\" data-id=\"b830ef3\" data-element_type=\"container\" data-e-type=\"container\">\n\t\t\t\t<div class=\"elementor-element elementor-element-16caf40 elementor-widget elementor-widget-image\" data-id=\"16caf40\" data-element_type=\"widget\" data-e-type=\"widget\" data-widget_type=\"image.default\">\n\t\t\t\t<div class=\"elementor-widget-container\">\n\t\t\t\t\t\t\t\t\t\t\t\t\t\t\t\t<a href=\"https:\/\/www.sphynx.ch\/de\/forschung\/veroeffentlichungen\/\">\n\t\t\t\t\t\t\t<img loading=\"lazy\" decoding=\"async\" width=\"800\" height=\"450\" src=\"https:\/\/www.sphynx.ch\/wp-content\/uploads\/2025\/01\/sarah-elizabeth-O3gOgPB4sRU-unsplash-169-1024x576.jpg\" class=\"attachment-large size-large wp-image-9359\" alt=\"\" srcset=\"https:\/\/www.sphynx.ch\/wp-content\/uploads\/2025\/01\/sarah-elizabeth-O3gOgPB4sRU-unsplash-169-1024x576.jpg 1024w, https:\/\/www.sphynx.ch\/wp-content\/uploads\/2025\/01\/sarah-elizabeth-O3gOgPB4sRU-unsplash-169-300x169.jpg 300w, https:\/\/www.sphynx.ch\/wp-content\/uploads\/2025\/01\/sarah-elizabeth-O3gOgPB4sRU-unsplash-169-768x432.jpg 768w, https:\/\/www.sphynx.ch\/wp-content\/uploads\/2025\/01\/sarah-elizabeth-O3gOgPB4sRU-unsplash-169-1536x864.jpg 1536w, https:\/\/www.sphynx.ch\/wp-content\/uploads\/2025\/01\/sarah-elizabeth-O3gOgPB4sRU-unsplash-169.jpg 1920w\" sizes=\"auto, (max-width: 800px) 100vw, 800px\" \/>\t\t\t\t\t\t\t\t<\/a>\n\t\t\t\t\t\t\t\t\t\t\t\t\t\t\t<\/div>\n\t\t\t\t<\/div>\n\t\t\t\t<div class=\"elementor-element elementor-element-63ece19 elementor-widget elementor-widget-heading\" data-id=\"63ece19\" data-element_type=\"widget\" data-e-type=\"widget\" data-widget_type=\"heading.default\">\n\t\t\t\t<div class=\"elementor-widget-container\">\n\t\t\t\t\t<h2 class=\"elementor-heading-title elementor-size-default\"><a href=\"https:\/\/www.sphynx.ch\/de\/forschung\/veroeffentlichungen\/\">Ver\u00f6ffentlichungen<\/a><\/h2>\t\t\t\t<\/div>\n\t\t\t\t<\/div>\n\t\t\t\t<div class=\"elementor-element elementor-element-b8392f9 elementor-widget elementor-widget-text-editor\" data-id=\"b8392f9\" data-element_type=\"widget\" data-e-type=\"widget\" data-widget_type=\"text-editor.default\">\n\t\t\t\t<div class=\"elementor-widget-container\">\n\t\t\t\t\t\t\t\t\t<p>Unsere Teilnahme an Forschungsprojekten f\u00fchrt zu neuen und innovativen Ergebnissen. Werfen Sie einen Blick auf die Forschungsarbeiten und Ver\u00f6ffentlichungen, an denen unsere Teammitglieder mitgewirkt haben. <\/p>\t\t\t\t\t\t\t\t<\/div>\n\t\t\t\t<\/div>\n\t\t\t\t<div class=\"elementor-element elementor-element-f4e81a5 elementor-widget elementor-widget-button\" data-id=\"f4e81a5\" data-element_type=\"widget\" data-e-type=\"widget\" data-widget_type=\"button.default\">\n\t\t\t\t<div class=\"elementor-widget-container\">\n\t\t\t\t\t\t\t\t\t<div class=\"elementor-button-wrapper\">\n\t\t\t\t\t<a class=\"elementor-button elementor-button-link elementor-size-sm\" href=\"https:\/\/www.sphynx.ch\/de\/forschung\/veroeffentlichungen\/\">\n\t\t\t\t\t\t<span class=\"elementor-button-content-wrapper\">\n\t\t\t\t\t\t\t\t\t<span class=\"elementor-button-text\">Mehr erfahren<\/span>\n\t\t\t\t\t<\/span>\n\t\t\t\t\t<\/a>\n\t\t\t\t<\/div>\n\t\t\t\t\t\t\t\t<\/div>\n\t\t\t\t<\/div>\n\t\t\t\t<\/div>\n\t\t\t\t<\/div>\n\t\t\t\t\t<\/div>\n\t\t\t\t<\/div>\n\t\t\t\t<\/div>\n\t\t","protected":false},"excerpt":{"rendered":"<p>Sphynx ist stolzer Mitarbeiter und Partner in einer Reihe von finanzierten Forschungsprojekten in einem breiten Spektrum von Themen, die von Cybersicherheit \u00fcber Gesundheitswesen bis hin zu Biotechnologie reichen. Aktive Projekte Wir sind stolz darauf, Partner und Projektleiter bei mehreren Forschungsprojekten im Bereich der Cybersicherheit in wichtigen Bereichen zu sein. Mehr erfahren Projekte Archiv Wir k\u00f6nnen [&hellip;]<\/p>\n","protected":false},"author":8,"featured_media":0,"parent":0,"menu_order":0,"comment_status":"closed","ping_status":"closed","template":"","meta":{"_acf_changed":false,"inline_featured_image":false,"footnotes":""},"class_list":["post-9616","page","type-page","status-publish","hentry"],"acf":[],"yoast_head":"<!-- This site is optimized with the Yoast SEO plugin v27.4 - https:\/\/yoast.com\/product\/yoast-seo-wordpress\/ -->\n<title>Forschung - Sphynx<\/title>\n<meta name=\"description\" content=\"Entdecken Sie die gemeinsamen Forschungsprojekte und Ver\u00f6ffentlichungen von Sphynx mit f\u00fchrenden Partnern in den Bereichen Cybersicherheit, Gesundheitswesen und Biotechnologie.\" \/>\n<meta name=\"robots\" content=\"index, follow, max-snippet:-1, max-image-preview:large, max-video-preview:-1\" \/>\n<link rel=\"canonical\" href=\"https:\/\/www.sphynx.ch\/de\/forschung\/\" \/>\n<meta property=\"og:locale\" content=\"de_DE\" \/>\n<meta property=\"og:type\" content=\"article\" \/>\n<meta property=\"og:title\" content=\"Forschung - Sphynx\" \/>\n<meta property=\"og:description\" content=\"Entdecken Sie die gemeinsamen Forschungsprojekte und Ver\u00f6ffentlichungen von Sphynx mit f\u00fchrenden Partnern in den Bereichen Cybersicherheit, Gesundheitswesen und Biotechnologie.\" \/>\n<meta property=\"og:url\" content=\"https:\/\/www.sphynx.ch\/de\/forschung\/\" \/>\n<meta property=\"og:site_name\" content=\"Sphynx\" \/>\n<meta property=\"article:modified_time\" content=\"2025-04-09T06:40:38+00:00\" \/>\n<meta property=\"og:image\" content=\"https:\/\/www.sphynx.ch\/wp-content\/uploads\/2025\/01\/brands-people-Ax8IA8GAjVg-unsplash-169.jpg\" \/>\n\t<meta property=\"og:image:width\" content=\"1920\" \/>\n\t<meta property=\"og:image:height\" content=\"1080\" \/>\n\t<meta property=\"og:image:type\" content=\"image\/jpeg\" \/>\n<meta name=\"twitter:card\" content=\"summary_large_image\" \/>\n<meta name=\"twitter:label1\" content=\"Gesch\u00e4tzte Lesezeit\" \/>\n\t<meta name=\"twitter:data1\" content=\"2\u00a0Minuten\" \/>\n<script type=\"application\/ld+json\" class=\"yoast-schema-graph\">{\"@context\":\"https:\\\/\\\/schema.org\",\"@graph\":[{\"@type\":\"WebPage\",\"@id\":\"https:\\\/\\\/www.sphynx.ch\\\/de\\\/forschung\\\/\",\"url\":\"https:\\\/\\\/www.sphynx.ch\\\/de\\\/forschung\\\/\",\"name\":\"Forschung - Sphynx\",\"isPartOf\":{\"@id\":\"https:\\\/\\\/www.sphynx.ch\\\/de\\\/#website\"},\"primaryImageOfPage\":{\"@id\":\"https:\\\/\\\/www.sphynx.ch\\\/de\\\/forschung\\\/#primaryimage\"},\"image\":{\"@id\":\"https:\\\/\\\/www.sphynx.ch\\\/de\\\/forschung\\\/#primaryimage\"},\"thumbnailUrl\":\"https:\\\/\\\/www.sphynx.ch\\\/wp-content\\\/uploads\\\/2025\\\/01\\\/brands-people-Ax8IA8GAjVg-unsplash-169-1024x576.jpg\",\"datePublished\":\"2024-09-18T14:53:42+00:00\",\"dateModified\":\"2025-04-09T06:40:38+00:00\",\"description\":\"Entdecken Sie die gemeinsamen Forschungsprojekte und Ver\u00f6ffentlichungen von Sphynx mit f\u00fchrenden Partnern in den Bereichen Cybersicherheit, Gesundheitswesen und Biotechnologie.\",\"breadcrumb\":{\"@id\":\"https:\\\/\\\/www.sphynx.ch\\\/de\\\/forschung\\\/#breadcrumb\"},\"inLanguage\":\"de\",\"potentialAction\":[{\"@type\":\"ReadAction\",\"target\":[\"https:\\\/\\\/www.sphynx.ch\\\/de\\\/forschung\\\/\"]}]},{\"@type\":\"ImageObject\",\"inLanguage\":\"de\",\"@id\":\"https:\\\/\\\/www.sphynx.ch\\\/de\\\/forschung\\\/#primaryimage\",\"url\":\"https:\\\/\\\/www.sphynx.ch\\\/wp-content\\\/uploads\\\/2025\\\/01\\\/brands-people-Ax8IA8GAjVg-unsplash-169-1024x576.jpg\",\"contentUrl\":\"https:\\\/\\\/www.sphynx.ch\\\/wp-content\\\/uploads\\\/2025\\\/01\\\/brands-people-Ax8IA8GAjVg-unsplash-169-1024x576.jpg\"},{\"@type\":\"BreadcrumbList\",\"@id\":\"https:\\\/\\\/www.sphynx.ch\\\/de\\\/forschung\\\/#breadcrumb\",\"itemListElement\":[{\"@type\":\"ListItem\",\"position\":1,\"name\":\"Home\",\"item\":\"https:\\\/\\\/www.sphynx.ch\\\/de\\\/\"},{\"@type\":\"ListItem\",\"position\":2,\"name\":\"Forschung\"}]},{\"@type\":\"WebSite\",\"@id\":\"https:\\\/\\\/www.sphynx.ch\\\/de\\\/#website\",\"url\":\"https:\\\/\\\/www.sphynx.ch\\\/de\\\/\",\"name\":\"Sphynx\",\"description\":\"Cutting-edge Cybersecurity Technologies\",\"publisher\":{\"@id\":\"https:\\\/\\\/www.sphynx.ch\\\/de\\\/#organization\"},\"potentialAction\":[{\"@type\":\"SearchAction\",\"target\":{\"@type\":\"EntryPoint\",\"urlTemplate\":\"https:\\\/\\\/www.sphynx.ch\\\/de\\\/?s={search_term_string}\"},\"query-input\":{\"@type\":\"PropertyValueSpecification\",\"valueRequired\":true,\"valueName\":\"search_term_string\"}}],\"inLanguage\":\"de\"},{\"@type\":\"Organization\",\"@id\":\"https:\\\/\\\/www.sphynx.ch\\\/de\\\/#organization\",\"name\":\"Sphynx\",\"url\":\"https:\\\/\\\/www.sphynx.ch\\\/de\\\/\",\"logo\":{\"@type\":\"ImageObject\",\"inLanguage\":\"de\",\"@id\":\"https:\\\/\\\/www.sphynx.ch\\\/de\\\/#\\\/schema\\\/logo\\\/image\\\/\",\"url\":\"https:\\\/\\\/www.sphynx.ch\\\/wp-content\\\/uploads\\\/2025\\\/02\\\/OG-Image.webp\",\"contentUrl\":\"https:\\\/\\\/www.sphynx.ch\\\/wp-content\\\/uploads\\\/2025\\\/02\\\/OG-Image.webp\",\"width\":1200,\"height\":675,\"caption\":\"Sphynx\"},\"image\":{\"@id\":\"https:\\\/\\\/www.sphynx.ch\\\/de\\\/#\\\/schema\\\/logo\\\/image\\\/\"}}]}<\/script>\n<!-- \/ Yoast SEO plugin. -->","yoast_head_json":{"title":"Forschung - Sphynx","description":"Entdecken Sie die gemeinsamen Forschungsprojekte und Ver\u00f6ffentlichungen von Sphynx mit f\u00fchrenden Partnern in den Bereichen Cybersicherheit, Gesundheitswesen und Biotechnologie.","robots":{"index":"index","follow":"follow","max-snippet":"max-snippet:-1","max-image-preview":"max-image-preview:large","max-video-preview":"max-video-preview:-1"},"canonical":"https:\/\/www.sphynx.ch\/de\/forschung\/","og_locale":"de_DE","og_type":"article","og_title":"Forschung - Sphynx","og_description":"Entdecken Sie die gemeinsamen Forschungsprojekte und Ver\u00f6ffentlichungen von Sphynx mit f\u00fchrenden Partnern in den Bereichen Cybersicherheit, Gesundheitswesen und Biotechnologie.","og_url":"https:\/\/www.sphynx.ch\/de\/forschung\/","og_site_name":"Sphynx","article_modified_time":"2025-04-09T06:40:38+00:00","og_image":[{"width":1920,"height":1080,"url":"https:\/\/www.sphynx.ch\/wp-content\/uploads\/2025\/01\/brands-people-Ax8IA8GAjVg-unsplash-169.jpg","type":"image\/jpeg"}],"twitter_card":"summary_large_image","twitter_misc":{"Gesch\u00e4tzte Lesezeit":"2\u00a0Minuten"},"schema":{"@context":"https:\/\/schema.org","@graph":[{"@type":"WebPage","@id":"https:\/\/www.sphynx.ch\/de\/forschung\/","url":"https:\/\/www.sphynx.ch\/de\/forschung\/","name":"Forschung - Sphynx","isPartOf":{"@id":"https:\/\/www.sphynx.ch\/de\/#website"},"primaryImageOfPage":{"@id":"https:\/\/www.sphynx.ch\/de\/forschung\/#primaryimage"},"image":{"@id":"https:\/\/www.sphynx.ch\/de\/forschung\/#primaryimage"},"thumbnailUrl":"https:\/\/www.sphynx.ch\/wp-content\/uploads\/2025\/01\/brands-people-Ax8IA8GAjVg-unsplash-169-1024x576.jpg","datePublished":"2024-09-18T14:53:42+00:00","dateModified":"2025-04-09T06:40:38+00:00","description":"Entdecken Sie die gemeinsamen Forschungsprojekte und Ver\u00f6ffentlichungen von Sphynx mit f\u00fchrenden Partnern in den Bereichen Cybersicherheit, Gesundheitswesen und Biotechnologie.","breadcrumb":{"@id":"https:\/\/www.sphynx.ch\/de\/forschung\/#breadcrumb"},"inLanguage":"de","potentialAction":[{"@type":"ReadAction","target":["https:\/\/www.sphynx.ch\/de\/forschung\/"]}]},{"@type":"ImageObject","inLanguage":"de","@id":"https:\/\/www.sphynx.ch\/de\/forschung\/#primaryimage","url":"https:\/\/www.sphynx.ch\/wp-content\/uploads\/2025\/01\/brands-people-Ax8IA8GAjVg-unsplash-169-1024x576.jpg","contentUrl":"https:\/\/www.sphynx.ch\/wp-content\/uploads\/2025\/01\/brands-people-Ax8IA8GAjVg-unsplash-169-1024x576.jpg"},{"@type":"BreadcrumbList","@id":"https:\/\/www.sphynx.ch\/de\/forschung\/#breadcrumb","itemListElement":[{"@type":"ListItem","position":1,"name":"Home","item":"https:\/\/www.sphynx.ch\/de\/"},{"@type":"ListItem","position":2,"name":"Forschung"}]},{"@type":"WebSite","@id":"https:\/\/www.sphynx.ch\/de\/#website","url":"https:\/\/www.sphynx.ch\/de\/","name":"Sphynx","description":"Cutting-edge Cybersecurity Technologies","publisher":{"@id":"https:\/\/www.sphynx.ch\/de\/#organization"},"potentialAction":[{"@type":"SearchAction","target":{"@type":"EntryPoint","urlTemplate":"https:\/\/www.sphynx.ch\/de\/?s={search_term_string}"},"query-input":{"@type":"PropertyValueSpecification","valueRequired":true,"valueName":"search_term_string"}}],"inLanguage":"de"},{"@type":"Organization","@id":"https:\/\/www.sphynx.ch\/de\/#organization","name":"Sphynx","url":"https:\/\/www.sphynx.ch\/de\/","logo":{"@type":"ImageObject","inLanguage":"de","@id":"https:\/\/www.sphynx.ch\/de\/#\/schema\/logo\/image\/","url":"https:\/\/www.sphynx.ch\/wp-content\/uploads\/2025\/02\/OG-Image.webp","contentUrl":"https:\/\/www.sphynx.ch\/wp-content\/uploads\/2025\/02\/OG-Image.webp","width":1200,"height":675,"caption":"Sphynx"},"image":{"@id":"https:\/\/www.sphynx.ch\/de\/#\/schema\/logo\/image\/"}}]}},"_links":{"self":[{"href":"https:\/\/www.sphynx.ch\/de\/wp-json\/wp\/v2\/pages\/9616","targetHints":{"allow":["GET"]}}],"collection":[{"href":"https:\/\/www.sphynx.ch\/de\/wp-json\/wp\/v2\/pages"}],"about":[{"href":"https:\/\/www.sphynx.ch\/de\/wp-json\/wp\/v2\/types\/page"}],"author":[{"embeddable":true,"href":"https:\/\/www.sphynx.ch\/de\/wp-json\/wp\/v2\/users\/8"}],"replies":[{"embeddable":true,"href":"https:\/\/www.sphynx.ch\/de\/wp-json\/wp\/v2\/comments?post=9616"}],"version-history":[{"count":5,"href":"https:\/\/www.sphynx.ch\/de\/wp-json\/wp\/v2\/pages\/9616\/revisions"}],"predecessor-version":[{"id":10862,"href":"https:\/\/www.sphynx.ch\/de\/wp-json\/wp\/v2\/pages\/9616\/revisions\/10862"}],"wp:attachment":[{"href":"https:\/\/www.sphynx.ch\/de\/wp-json\/wp\/v2\/media?parent=9616"}],"curies":[{"name":"wp","href":"https:\/\/api.w.org\/{rel}","templated":true}]}}