{"id":9551,"date":"2025-03-07T15:32:25","date_gmt":"2025-03-07T13:32:25","guid":{"rendered":"https:\/\/www.sphynx.ch\/cookies-richtlinie\/"},"modified":"2025-03-19T15:38:26","modified_gmt":"2025-03-19T13:38:26","slug":"cookies-richtlinie","status":"publish","type":"page","link":"https:\/\/www.sphynx.ch\/de\/cookies-richtlinie\/","title":{"rendered":"Cookies-Richtlinie"},"content":{"rendered":"\t\t<div data-elementor-type=\"wp-page\" data-elementor-id=\"9551\" class=\"elementor elementor-9551 elementor-8710\" data-elementor-post-type=\"page\">\n\t\t\t\t<div class=\"elementor-element elementor-element-adf45fc hero hero-notextshadow e-flex e-con-boxed e-con e-parent\" data-id=\"adf45fc\" data-element_type=\"container\" data-e-type=\"container\">\n\t\t\t\t\t<div class=\"e-con-inner\">\n\t\t\t\t<div class=\"elementor-element elementor-element-ec82d67 elementor-widget elementor-widget-heading\" data-id=\"ec82d67\" data-element_type=\"widget\" data-e-type=\"widget\" data-widget_type=\"heading.default\">\n\t\t\t\t<div class=\"elementor-widget-container\">\n\t\t\t\t\t<h1 class=\"elementor-heading-title elementor-size-default\">Cookies-Richtlinie<\/h1>\t\t\t\t<\/div>\n\t\t\t\t<\/div>\n\t\t\t\t\t<\/div>\n\t\t\t\t<\/div>\n\t\t<div class=\"elementor-element elementor-element-3a000c7 e-flex e-con-boxed e-con e-parent\" data-id=\"3a000c7\" data-element_type=\"container\" data-e-type=\"container\">\n\t\t\t\t\t<div class=\"e-con-inner\">\n\t\t\t\t<div class=\"elementor-element elementor-element-ea43d23 elementor-widget elementor-widget-text-editor\" data-id=\"ea43d23\" data-element_type=\"widget\" data-e-type=\"widget\" data-widget_type=\"text-editor.default\">\n\t\t\t\t<div class=\"elementor-widget-container\">\n\t\t\t\t\t\t\t\t\t<p><style>\n    a.cky-banner-element {<br \/>        padding: 8px 30px;<br \/>        background: #F8F9FA;<br \/>        color: #858A8F;<br \/>        border: 1px solid #DEE2E6;<br \/>        box-sizing: border-box;<br \/>        border-radius: 2px;<br \/>        cursor: pointer;<br \/>}<br \/><\/style><\/p><p>Datum des Inkrafttretens: 07-Mar-2025<br>Zuletzt aktualisiert: 07-M\u00e4r-2025<\/p><h2>Was sind Cookies?<\/h2><div class=\"cookie-policy-p\"><p>Diese Cookie-Richtlinie erkl\u00e4rt, was Cookies sind und wie wir sie verwenden, welche Arten von Cookies wir verwenden, welche Informationen wir mit Hilfe von Cookies sammeln und wie diese Informationen verwendet werden, und wie Sie Ihre Cookie-Einstellungen verwalten k\u00f6nnen.<\/p><p>Cookies sind kleine Textdateien, die dazu dienen, kleine Informationen zu speichern. Sie werden auf Ihrem Ger\u00e4t gespeichert, wenn die Website in Ihrem Browser geladen wird. Diese Cookies helfen uns, die Website ordnungsgem\u00e4\u00df zu betreiben, sie sicherer zu machen, eine bessere Benutzererfahrung zu bieten und zu verstehen, wie die Website funktioniert, um zu analysieren, was funktioniert und wo sie verbessert werden muss.<\/p><\/div><h2>Wie verwenden wir Cookies?<\/h2><div class=\"cookie-policy-p\"><p>Wie die meisten Online-Dienste verwendet auch unsere Website Erstanbieter- und Drittanbieter-Cookies f\u00fcr verschiedene Zwecke. Erstanbieter-Cookies sind meist notwendig, damit die Website richtig funktioniert, und sie erfassen keine personenbezogenen Daten.<\/p><p>Die Cookies von Drittanbietern, die auf unserer Website verwendet werden, dienen haupts\u00e4chlich dazu, zu verstehen, wie die Website funktioniert, wie Sie mit unserer Website interagieren, unsere Dienste sicher zu halten, Ihnen f\u00fcr Sie relevante Werbung bereitzustellen und Ihnen insgesamt eine bessere und verbesserte Benutzererfahrung zu bieten und Ihre zuk\u00fcnftigen Interaktionen mit unserer Website zu beschleunigen.<\/p><\/div><h2>Cookies<\/h2><div class=\"cky-audit-table-element\"> <\/div><h2 style=\"margin-bottom: 20px;\">Cookie-Einstellungen verwalten<\/h2><p><span style=\"text-decoration: underline;\"><a class=\"cky-banner-element\">Cookie-Einstellungen<\/a><\/span><\/p><div><p>Sie k\u00f6nnen Ihre Cookie-Einstellungen jederzeit \u00e4ndern, indem Sie auf den Link oben klicken. Auf diese Weise k\u00f6nnen Sie das Cookie-Einwilligungsbanner erneut aufrufen und Ihre Einstellungen \u00e4ndern oder Ihre Einwilligung sofort widerrufen.<\/p><p>Dar\u00fcber hinaus bieten verschiedene Browser unterschiedliche Methoden zum Blockieren und L\u00f6schen von Cookies, die von Websites verwendet werden. Sie k\u00f6nnen die Einstellungen Ihres Browsers \u00e4ndern, um die Cookies zu blockieren\/l\u00f6schen.<\/p><\/div>\t\t\t\t\t\t\t\t<\/div>\n\t\t\t\t<\/div>\n\t\t\t\t\t<\/div>\n\t\t\t\t<\/div>\n\t\t\t\t<\/div>\n\t\t","protected":false},"excerpt":{"rendered":"<p>Datum des Inkrafttretens: 07-Mar-2025Zuletzt aktualisiert: 07-M\u00e4r-2025 Was sind Cookies? Diese Cookie-Richtlinie erkl\u00e4rt, was Cookies sind und wie wir sie verwenden, welche Arten von Cookies wir verwenden, welche Informationen wir mit Hilfe von Cookies sammeln und wie diese Informationen verwendet werden, und wie Sie Ihre Cookie-Einstellungen verwalten k\u00f6nnen. Cookies sind kleine Textdateien, die dazu dienen, kleine [&hellip;]<\/p>\n","protected":false},"author":8,"featured_media":0,"parent":0,"menu_order":0,"comment_status":"closed","ping_status":"closed","template":"","meta":{"_acf_changed":false,"inline_featured_image":false,"footnotes":""},"class_list":["post-9551","page","type-page","status-publish","hentry"],"acf":[],"yoast_head":"<!-- This site is optimized with the Yoast SEO plugin v27.4 - https:\/\/yoast.com\/product\/yoast-seo-wordpress\/ -->\n<title>Cookies-Richtlinie - Sphynx<\/title>\n<meta name=\"robots\" content=\"index, follow, max-snippet:-1, max-image-preview:large, max-video-preview:-1\" \/>\n<link rel=\"canonical\" href=\"https:\/\/www.sphynx.ch\/de\/cookies-richtlinie\/\" \/>\n<meta property=\"og:locale\" content=\"de_DE\" \/>\n<meta property=\"og:type\" content=\"article\" \/>\n<meta property=\"og:title\" content=\"Cookies-Richtlinie - Sphynx\" \/>\n<meta property=\"og:description\" content=\"Datum des Inkrafttretens: 07-Mar-2025Zuletzt aktualisiert: 07-M\u00e4r-2025 Was sind Cookies? Diese Cookie-Richtlinie erkl\u00e4rt, was Cookies sind und wie wir sie verwenden, welche Arten von Cookies wir verwenden, welche Informationen wir mit Hilfe von Cookies sammeln und wie diese Informationen verwendet werden, und wie Sie Ihre Cookie-Einstellungen verwalten k\u00f6nnen. Cookies sind kleine Textdateien, die dazu dienen, kleine [&hellip;]\" \/>\n<meta property=\"og:url\" content=\"https:\/\/www.sphynx.ch\/de\/cookies-richtlinie\/\" \/>\n<meta property=\"og:site_name\" content=\"Sphynx\" \/>\n<meta property=\"article:modified_time\" content=\"2025-03-19T13:38:26+00:00\" \/>\n<meta property=\"og:image\" content=\"https:\/\/www.sphynx.ch\/wp-content\/uploads\/2025\/02\/OG-Image.webp\" \/>\n\t<meta property=\"og:image:width\" content=\"1200\" \/>\n\t<meta property=\"og:image:height\" content=\"675\" \/>\n\t<meta property=\"og:image:type\" content=\"image\/webp\" \/>\n<meta name=\"twitter:card\" content=\"summary_large_image\" \/>\n<meta name=\"twitter:label1\" content=\"Gesch\u00e4tzte Lesezeit\" \/>\n\t<meta name=\"twitter:data1\" content=\"1\u00a0Minute\" \/>\n<script type=\"application\/ld+json\" class=\"yoast-schema-graph\">{\"@context\":\"https:\\\/\\\/schema.org\",\"@graph\":[{\"@type\":\"WebPage\",\"@id\":\"https:\\\/\\\/www.sphynx.ch\\\/de\\\/cookies-richtlinie\\\/\",\"url\":\"https:\\\/\\\/www.sphynx.ch\\\/de\\\/cookies-richtlinie\\\/\",\"name\":\"Cookies-Richtlinie - Sphynx\",\"isPartOf\":{\"@id\":\"https:\\\/\\\/www.sphynx.ch\\\/de\\\/#website\"},\"datePublished\":\"2025-03-07T13:32:25+00:00\",\"dateModified\":\"2025-03-19T13:38:26+00:00\",\"breadcrumb\":{\"@id\":\"https:\\\/\\\/www.sphynx.ch\\\/de\\\/cookies-richtlinie\\\/#breadcrumb\"},\"inLanguage\":\"de\",\"potentialAction\":[{\"@type\":\"ReadAction\",\"target\":[\"https:\\\/\\\/www.sphynx.ch\\\/de\\\/cookies-richtlinie\\\/\"]}]},{\"@type\":\"BreadcrumbList\",\"@id\":\"https:\\\/\\\/www.sphynx.ch\\\/de\\\/cookies-richtlinie\\\/#breadcrumb\",\"itemListElement\":[{\"@type\":\"ListItem\",\"position\":1,\"name\":\"Home\",\"item\":\"https:\\\/\\\/www.sphynx.ch\\\/de\\\/\"},{\"@type\":\"ListItem\",\"position\":2,\"name\":\"Cookies-Richtlinie\"}]},{\"@type\":\"WebSite\",\"@id\":\"https:\\\/\\\/www.sphynx.ch\\\/de\\\/#website\",\"url\":\"https:\\\/\\\/www.sphynx.ch\\\/de\\\/\",\"name\":\"Sphynx\",\"description\":\"Cutting-edge Cybersecurity Technologies\",\"publisher\":{\"@id\":\"https:\\\/\\\/www.sphynx.ch\\\/de\\\/#organization\"},\"potentialAction\":[{\"@type\":\"SearchAction\",\"target\":{\"@type\":\"EntryPoint\",\"urlTemplate\":\"https:\\\/\\\/www.sphynx.ch\\\/de\\\/?s={search_term_string}\"},\"query-input\":{\"@type\":\"PropertyValueSpecification\",\"valueRequired\":true,\"valueName\":\"search_term_string\"}}],\"inLanguage\":\"de\"},{\"@type\":\"Organization\",\"@id\":\"https:\\\/\\\/www.sphynx.ch\\\/de\\\/#organization\",\"name\":\"Sphynx\",\"url\":\"https:\\\/\\\/www.sphynx.ch\\\/de\\\/\",\"logo\":{\"@type\":\"ImageObject\",\"inLanguage\":\"de\",\"@id\":\"https:\\\/\\\/www.sphynx.ch\\\/de\\\/#\\\/schema\\\/logo\\\/image\\\/\",\"url\":\"https:\\\/\\\/www.sphynx.ch\\\/wp-content\\\/uploads\\\/2025\\\/02\\\/OG-Image.webp\",\"contentUrl\":\"https:\\\/\\\/www.sphynx.ch\\\/wp-content\\\/uploads\\\/2025\\\/02\\\/OG-Image.webp\",\"width\":1200,\"height\":675,\"caption\":\"Sphynx\"},\"image\":{\"@id\":\"https:\\\/\\\/www.sphynx.ch\\\/de\\\/#\\\/schema\\\/logo\\\/image\\\/\"}}]}<\/script>\n<!-- \/ Yoast SEO plugin. -->","yoast_head_json":{"title":"Cookies-Richtlinie - Sphynx","robots":{"index":"index","follow":"follow","max-snippet":"max-snippet:-1","max-image-preview":"max-image-preview:large","max-video-preview":"max-video-preview:-1"},"canonical":"https:\/\/www.sphynx.ch\/de\/cookies-richtlinie\/","og_locale":"de_DE","og_type":"article","og_title":"Cookies-Richtlinie - Sphynx","og_description":"Datum des Inkrafttretens: 07-Mar-2025Zuletzt aktualisiert: 07-M\u00e4r-2025 Was sind Cookies? Diese Cookie-Richtlinie erkl\u00e4rt, was Cookies sind und wie wir sie verwenden, welche Arten von Cookies wir verwenden, welche Informationen wir mit Hilfe von Cookies sammeln und wie diese Informationen verwendet werden, und wie Sie Ihre Cookie-Einstellungen verwalten k\u00f6nnen. Cookies sind kleine Textdateien, die dazu dienen, kleine [&hellip;]","og_url":"https:\/\/www.sphynx.ch\/de\/cookies-richtlinie\/","og_site_name":"Sphynx","article_modified_time":"2025-03-19T13:38:26+00:00","og_image":[{"width":1200,"height":675,"url":"https:\/\/www.sphynx.ch\/wp-content\/uploads\/2025\/02\/OG-Image.webp","type":"image\/webp"}],"twitter_card":"summary_large_image","twitter_misc":{"Gesch\u00e4tzte Lesezeit":"1\u00a0Minute"},"schema":{"@context":"https:\/\/schema.org","@graph":[{"@type":"WebPage","@id":"https:\/\/www.sphynx.ch\/de\/cookies-richtlinie\/","url":"https:\/\/www.sphynx.ch\/de\/cookies-richtlinie\/","name":"Cookies-Richtlinie - Sphynx","isPartOf":{"@id":"https:\/\/www.sphynx.ch\/de\/#website"},"datePublished":"2025-03-07T13:32:25+00:00","dateModified":"2025-03-19T13:38:26+00:00","breadcrumb":{"@id":"https:\/\/www.sphynx.ch\/de\/cookies-richtlinie\/#breadcrumb"},"inLanguage":"de","potentialAction":[{"@type":"ReadAction","target":["https:\/\/www.sphynx.ch\/de\/cookies-richtlinie\/"]}]},{"@type":"BreadcrumbList","@id":"https:\/\/www.sphynx.ch\/de\/cookies-richtlinie\/#breadcrumb","itemListElement":[{"@type":"ListItem","position":1,"name":"Home","item":"https:\/\/www.sphynx.ch\/de\/"},{"@type":"ListItem","position":2,"name":"Cookies-Richtlinie"}]},{"@type":"WebSite","@id":"https:\/\/www.sphynx.ch\/de\/#website","url":"https:\/\/www.sphynx.ch\/de\/","name":"Sphynx","description":"Cutting-edge Cybersecurity Technologies","publisher":{"@id":"https:\/\/www.sphynx.ch\/de\/#organization"},"potentialAction":[{"@type":"SearchAction","target":{"@type":"EntryPoint","urlTemplate":"https:\/\/www.sphynx.ch\/de\/?s={search_term_string}"},"query-input":{"@type":"PropertyValueSpecification","valueRequired":true,"valueName":"search_term_string"}}],"inLanguage":"de"},{"@type":"Organization","@id":"https:\/\/www.sphynx.ch\/de\/#organization","name":"Sphynx","url":"https:\/\/www.sphynx.ch\/de\/","logo":{"@type":"ImageObject","inLanguage":"de","@id":"https:\/\/www.sphynx.ch\/de\/#\/schema\/logo\/image\/","url":"https:\/\/www.sphynx.ch\/wp-content\/uploads\/2025\/02\/OG-Image.webp","contentUrl":"https:\/\/www.sphynx.ch\/wp-content\/uploads\/2025\/02\/OG-Image.webp","width":1200,"height":675,"caption":"Sphynx"},"image":{"@id":"https:\/\/www.sphynx.ch\/de\/#\/schema\/logo\/image\/"}}]}},"_links":{"self":[{"href":"https:\/\/www.sphynx.ch\/de\/wp-json\/wp\/v2\/pages\/9551","targetHints":{"allow":["GET"]}}],"collection":[{"href":"https:\/\/www.sphynx.ch\/de\/wp-json\/wp\/v2\/pages"}],"about":[{"href":"https:\/\/www.sphynx.ch\/de\/wp-json\/wp\/v2\/types\/page"}],"author":[{"embeddable":true,"href":"https:\/\/www.sphynx.ch\/de\/wp-json\/wp\/v2\/users\/8"}],"replies":[{"embeddable":true,"href":"https:\/\/www.sphynx.ch\/de\/wp-json\/wp\/v2\/comments?post=9551"}],"version-history":[{"count":1,"href":"https:\/\/www.sphynx.ch\/de\/wp-json\/wp\/v2\/pages\/9551\/revisions"}],"predecessor-version":[{"id":9561,"href":"https:\/\/www.sphynx.ch\/de\/wp-json\/wp\/v2\/pages\/9551\/revisions\/9561"}],"wp:attachment":[{"href":"https:\/\/www.sphynx.ch\/de\/wp-json\/wp\/v2\/media?parent=9551"}],"curies":[{"name":"wp","href":"https:\/\/api.w.org\/{rel}","templated":true}]}}